{"id":18,"date":"2015-12-06T23:39:00","date_gmt":"2015-12-06T23:39:00","guid":{"rendered":"https:\/\/pico-da-vigia-nmsilva.c9users.io\/?page_id=18"},"modified":"2025-03-05T22:27:45","modified_gmt":"2025-03-05T23:27:45","slug":"contatos","status":"publish","type":"page","link":"https:\/\/picodavigia.com\/en\/contatos\/","title":{"rendered":"Contacts"},"content":{"rendered":"<p>\n<div class=\"wpcf7 no-js\" id=\"wpcf7-f220-o2\" lang=\"pt-PT\" dir=\"ltr\" data-wpcf7-id=\"220\">\n<div class=\"screen-reader-response\"><p role=\"status\" aria-live=\"polite\" aria-atomic=\"true\"><\/p> <ul><\/ul><\/div>\n<form action=\"\/en\/wp-json\/wp\/v2\/pages\/18#wpcf7-f220-o2\" method=\"post\" class=\"wpcf7-form init\" aria-label=\"Formul\u00e1rio de contacto\" novalidate=\"novalidate\" data-status=\"init\">\n<fieldset class=\"hidden-fields-container\"><input type=\"hidden\" name=\"_wpcf7\" value=\"220\" \/><input type=\"hidden\" name=\"_wpcf7_version\" value=\"6.1.5\" \/><input type=\"hidden\" name=\"_wpcf7_locale\" value=\"pt_PT\" \/><input type=\"hidden\" name=\"_wpcf7_unit_tag\" value=\"wpcf7-f220-o2\" \/><input type=\"hidden\" name=\"_wpcf7_container_post\" value=\"0\" \/><input type=\"hidden\" name=\"_wpcf7_posted_data_hash\" value=\"\" \/>\n<\/fieldset>\n<p>Name\n<\/p>\n<p><span class=\"wpcf7-form-control-wrap\" data-name=\"your-name\"><input size=\"40\" maxlength=\"400\" class=\"wpcf7-form-control wpcf7-text wpcf7-validates-as-required\" aria-required=\"true\" aria-invalid=\"false\" value=\"\" type=\"text\" name=\"your-name\" \/><\/span>\n<\/p>\n<p>E-Mail\n<\/p>\n<p><span class=\"wpcf7-form-control-wrap\" data-name=\"your-email\"><input size=\"40\" maxlength=\"400\" class=\"wpcf7-form-control wpcf7-email wpcf7-validates-as-required wpcf7-text wpcf7-validates-as-email\" aria-required=\"true\" aria-invalid=\"false\" value=\"\" type=\"email\" name=\"your-email\" \/><\/span>\n<\/p>\n<p>Phone\n<\/p>\n<p><span class=\"wpcf7-form-control-wrap\" data-name=\"your-phone\"><input size=\"40\" maxlength=\"400\" class=\"wpcf7-form-control wpcf7-text\" aria-invalid=\"false\" value=\"\" type=\"text\" name=\"your-phone\" \/><\/span>\n<\/p>\n<p>Message\n<\/p>\n<p><span class=\"wpcf7-form-control-wrap\" data-name=\"your-message\"><textarea cols=\"40\" rows=\"10\" maxlength=\"2000\" class=\"wpcf7-form-control wpcf7-textarea\" aria-invalid=\"false\" name=\"your-message\"><\/textarea><\/span>\n<\/p>\n<p><input class=\"wpcf7-form-control wpcf7-submit has-spinner\" type=\"submit\" value=\"Submit\" \/>\n<\/p><p style=\"display: none !important;\" class=\"akismet-fields-container\" data-prefix=\"_wpcf7_ak_\"><label>&#916;<textarea name=\"_wpcf7_ak_hp_textarea\" cols=\"45\" rows=\"8\" maxlength=\"100\"><\/textarea><\/label><input type=\"hidden\" id=\"ak_js_2\" name=\"_wpcf7_ak_js\" value=\"51\"\/><script>document.getElementById( \"ak_js_2\" ).setAttribute( \"value\", ( new Date() ).getTime() );<\/script><\/p><div class=\"wpcf7-response-output\" aria-hidden=\"true\"><\/div>\n<\/form>\n<\/div>\n<\/p>\n<p>Canada Pico da Vigia . Santa B\u00e1rbara<\/p>\n<p>Angra do Hero\u00edsmo . Ilha Terceira . A\u00e7ores<\/p>\n<p>(+351) 961 092 510<\/p>\n<p><a href=\"mailto:reservas@picodavigia.com\">reservas@picodavigia.com<\/a><\/p>\n<p>GPS 38\u00b041'28.5\"N 27\u00b020'31.1\"W<\/p>\n<p>[localizacao-mapa lat=\"38.69125\" long=\"-27.341972\" titulo=\"Pico da Vigia\"]<\/p>\n<p>Canada Pico da Vigia . Santa B\u00e1rbara<\/p>\n<p>Angra do Hero\u00edsmo . Ilha Terceira . A\u00e7ores<\/p>\n<p>[\/localizacao-mapa]<\/p>","protected":false},"excerpt":{"rendered":"<p>Canada Pico da Vigia . Santa B\u00e1rbara Angra do Hero\u00edsmo . Ilha Terceira . A\u00e7ores (+351) 961 092 510 reservas@picodavigia.com GPS 38\u00b041'28.5\"N 27\u00b020'31.1\"W [localizacao-mapa lat=\"38.69125\" long=\"-27.341972\" titulo=\"Pico da Vigia\"] Canada Pico da Vigia . Santa B\u00e1rbara Angra do Hero\u00edsmo . Ilha Terceira . A\u00e7ores [\/localizacao-mapa]<\/p>\n","protected":false},"author":1,"featured_media":288,"parent":0,"menu_order":0,"comment_status":"closed","ping_status":"closed","template":"","meta":{"footnotes":""},"class_list":["post-18","page","type-page","status-publish","has-post-thumbnail","hentry"],"yoast_head":"<!-- This site is optimized with the Yoast SEO plugin v27.4 - https:\/\/yoast.com\/product\/yoast-seo-wordpress\/ -->\n<title>Contacts - Pico da Vigia<\/title>\n<meta name=\"robots\" content=\"index, follow, max-snippet:-1, max-image-preview:large, max-video-preview:-1\" \/>\n<link rel=\"canonical\" href=\"https:\/\/picodavigia.com\/en\/contatos\/\" \/>\n<meta property=\"og:locale\" content=\"en_US\" \/>\n<meta property=\"og:type\" content=\"article\" \/>\n<meta property=\"og:title\" content=\"Contacts - Pico da Vigia\" \/>\n<meta property=\"og:description\" content=\"Canada Pico da Vigia . Santa B\u00e1rbara Angra do Hero\u00edsmo . Ilha Terceira . A\u00e7ores (+351) 961 092 510 reservas@picodavigia.com GPS 38\u00b041&#039;28.5&quot;N 27\u00b020&#039;31.1&quot;W [localizacao-mapa lat=&quot;38.69125&quot; long=&quot;-27.341972&quot; titulo=&quot;Pico da Vigia&quot;] Canada Pico da Vigia . Santa B\u00e1rbara Angra do Hero\u00edsmo . Ilha Terceira . A\u00e7ores [\/localizacao-mapa]\" \/>\n<meta property=\"og:url\" content=\"https:\/\/picodavigia.com\/en\/contatos\/\" \/>\n<meta property=\"og:site_name\" content=\"Pico da Vigia\" \/>\n<meta property=\"article:modified_time\" content=\"2025-03-05T23:27:45+00:00\" \/>\n<meta property=\"og:image\" content=\"https:\/\/picodavigia.com\/wp-content\/uploads\/2015\/12\/contactos.jpg\" \/>\n\t<meta property=\"og:image:width\" content=\"1920\" \/>\n\t<meta property=\"og:image:height\" content=\"283\" \/>\n\t<meta property=\"og:image:type\" content=\"image\/jpeg\" \/>\n<meta name=\"twitter:card\" content=\"summary_large_image\" \/>\n<meta name=\"twitter:label1\" content=\"Est. reading time\" \/>\n\t<meta name=\"twitter:data1\" content=\"1 minute\" \/>\n<script type=\"application\/ld+json\" class=\"yoast-schema-graph\">{\"@context\":\"https:\\\/\\\/schema.org\",\"@graph\":[{\"@type\":\"WebPage\",\"@id\":\"https:\\\/\\\/picodavigia.com\\\/en\\\/contatos\\\/\",\"url\":\"https:\\\/\\\/picodavigia.com\\\/en\\\/contatos\\\/\",\"name\":\"Contacts - Pico da Vigia\",\"isPartOf\":{\"@id\":\"https:\\\/\\\/picodavigia.com\\\/en\\\/#website\"},\"primaryImageOfPage\":{\"@id\":\"https:\\\/\\\/picodavigia.com\\\/en\\\/contatos\\\/#primaryimage\"},\"image\":{\"@id\":\"https:\\\/\\\/picodavigia.com\\\/contatos\\\/#primaryimage\"},\"thumbnailUrl\":\"https:\\\/\\\/picodavigia.com\\\/wp-content\\\/uploads\\\/2015\\\/12\\\/contactos.jpg\",\"datePublished\":\"2015-12-06T23:39:00+00:00\",\"dateModified\":\"2025-03-05T23:27:45+00:00\",\"breadcrumb\":{\"@id\":\"https:\\\/\\\/picodavigia.com\\\/en\\\/contatos\\\/#breadcrumb\"},\"inLanguage\":\"en-US\",\"potentialAction\":[{\"@type\":\"ReadAction\",\"target\":[[\"https:\\\/\\\/picodavigia.com\\\/en\\\/contatos\\\/\"]]}]},{\"@type\":\"ImageObject\",\"inLanguage\":\"en-US\",\"@id\":\"https:\\\/\\\/picodavigia.com\\\/en\\\/contatos\\\/#primaryimage\",\"url\":\"https:\\\/\\\/picodavigia.com\\\/wp-content\\\/uploads\\\/2015\\\/12\\\/contactos.jpg\",\"contentUrl\":\"https:\\\/\\\/picodavigia.com\\\/wp-content\\\/uploads\\\/2015\\\/12\\\/contactos.jpg\",\"width\":1920,\"height\":283},{\"@type\":\"BreadcrumbList\",\"@id\":\"https:\\\/\\\/picodavigia.com\\\/en\\\/contatos\\\/#breadcrumb\",\"itemListElement\":[{\"@type\":\"ListItem\",\"position\":1,\"name\":\"Home\",\"item\":\"https:\\\/\\\/picodavigia.com\\\/en\\\/\"},{\"@type\":\"ListItem\",\"position\":2,\"name\":\"Contactos\"}]},{\"@type\":\"WebSite\",\"@id\":\"https:\\\/\\\/picodavigia.com\\\/en\\\/#website\",\"url\":\"https:\\\/\\\/picodavigia.com\\\/en\\\/\",\"name\":\"Pico da Vigia\",\"description\":\"\",\"potentialAction\":[{\"@type\":\"SearchAction\",\"target\":{\"@type\":\"EntryPoint\",\"urlTemplate\":\"https:\\\/\\\/picodavigia.com\\\/en\\\/?s={search_term_string}\"},\"query-input\":{\"@type\":\"PropertyValueSpecification\",\"valueRequired\":true,\"valueName\":\"search_term_string\"}}],\"inLanguage\":\"en-US\"}]}<\/script>\n<!-- \/ Yoast SEO plugin. -->","yoast_head_json":{"title":"Contacts - Pico da Vigia","robots":{"index":"index","follow":"follow","max-snippet":"max-snippet:-1","max-image-preview":"max-image-preview:large","max-video-preview":"max-video-preview:-1"},"canonical":"https:\/\/picodavigia.com\/en\/contatos\/","og_locale":"en_US","og_type":"article","og_title":"Contacts - Pico da Vigia","og_description":"Canada Pico da Vigia . Santa B\u00e1rbara Angra do Hero\u00edsmo . Ilha Terceira . A\u00e7ores (+351) 961 092 510 reservas@picodavigia.com GPS 38\u00b041'28.5\"N 27\u00b020'31.1\"W [localizacao-mapa lat=\"38.69125\" long=\"-27.341972\" titulo=\"Pico da Vigia\"] Canada Pico da Vigia . Santa B\u00e1rbara Angra do Hero\u00edsmo . Ilha Terceira . A\u00e7ores [\/localizacao-mapa]","og_url":"https:\/\/picodavigia.com\/en\/contatos\/","og_site_name":"Pico da Vigia","article_modified_time":"2025-03-05T23:27:45+00:00","og_image":[{"width":1920,"height":283,"url":"https:\/\/picodavigia.com\/wp-content\/uploads\/2015\/12\/contactos.jpg","type":"image\/jpeg"}],"twitter_card":"summary_large_image","twitter_misc":{"Est. reading time":"1 minute"},"schema":{"@context":"https:\/\/schema.org","@graph":[{"@type":"WebPage","@id":"https:\/\/picodavigia.com\/en\/contatos\/","url":"https:\/\/picodavigia.com\/en\/contatos\/","name":"Contacts - Pico da Vigia","isPartOf":{"@id":"https:\/\/picodavigia.com\/en\/#website"},"primaryImageOfPage":{"@id":"https:\/\/picodavigia.com\/en\/contatos\/#primaryimage"},"image":{"@id":"https:\/\/picodavigia.com\/contatos\/#primaryimage"},"thumbnailUrl":"https:\/\/picodavigia.com\/wp-content\/uploads\/2015\/12\/contactos.jpg","datePublished":"2015-12-06T23:39:00+00:00","dateModified":"2025-03-05T23:27:45+00:00","breadcrumb":{"@id":"https:\/\/picodavigia.com\/en\/contatos\/#breadcrumb"},"inLanguage":"en-US","potentialAction":[{"@type":"ReadAction","target":[["https:\/\/picodavigia.com\/en\/contatos\/"]]}]},{"@type":"ImageObject","inLanguage":"en-US","@id":"https:\/\/picodavigia.com\/en\/contatos\/#primaryimage","url":"https:\/\/picodavigia.com\/wp-content\/uploads\/2015\/12\/contactos.jpg","contentUrl":"https:\/\/picodavigia.com\/wp-content\/uploads\/2015\/12\/contactos.jpg","width":1920,"height":283},{"@type":"BreadcrumbList","@id":"https:\/\/picodavigia.com\/en\/contatos\/#breadcrumb","itemListElement":[{"@type":"ListItem","position":1,"name":"Home","item":"https:\/\/picodavigia.com\/en\/"},{"@type":"ListItem","position":2,"name":"Contactos"}]},{"@type":"WebSite","@id":"https:\/\/picodavigia.com\/en\/#website","url":"https:\/\/picodavigia.com\/en\/","name":"Pico da Vigia","description":"","potentialAction":[{"@type":"SearchAction","target":{"@type":"EntryPoint","urlTemplate":"https:\/\/picodavigia.com\/en\/?s={search_term_string}"},"query-input":{"@type":"PropertyValueSpecification","valueRequired":true,"valueName":"search_term_string"}}],"inLanguage":"en-US"}]}},"_links":{"self":[{"href":"https:\/\/picodavigia.com\/en\/wp-json\/wp\/v2\/pages\/18","targetHints":{"allow":["GET"]}}],"collection":[{"href":"https:\/\/picodavigia.com\/en\/wp-json\/wp\/v2\/pages"}],"about":[{"href":"https:\/\/picodavigia.com\/en\/wp-json\/wp\/v2\/types\/page"}],"author":[{"embeddable":true,"href":"https:\/\/picodavigia.com\/en\/wp-json\/wp\/v2\/users\/1"}],"replies":[{"embeddable":true,"href":"https:\/\/picodavigia.com\/en\/wp-json\/wp\/v2\/comments?post=18"}],"version-history":[{"count":19,"href":"https:\/\/picodavigia.com\/en\/wp-json\/wp\/v2\/pages\/18\/revisions"}],"predecessor-version":[{"id":625,"href":"https:\/\/picodavigia.com\/en\/wp-json\/wp\/v2\/pages\/18\/revisions\/625"}],"wp:featuredmedia":[{"embeddable":true,"href":"https:\/\/picodavigia.com\/en\/wp-json\/wp\/v2\/media\/288"}],"wp:attachment":[{"href":"https:\/\/picodavigia.com\/en\/wp-json\/wp\/v2\/media?parent=18"}],"curies":[{"name":"wp","href":"https:\/\/api.w.org\/{rel}","templated":true}]}}