{"id":12,"date":"2015-12-06T23:38:24","date_gmt":"2015-12-06T23:38:24","guid":{"rendered":"https:\/\/pico-da-vigia-nmsilva.c9users.io\/?page_id=12"},"modified":"2025-05-15T12:31:27","modified_gmt":"2025-05-15T13:31:27","slug":"atividades","status":"publish","type":"page","link":"https:\/\/picodavigia.com\/en\/atividades\/","title":{"rendered":"Activities"},"content":{"rendered":"<p><\/p>\n<h2><b>Experiences with our partners<\/b><\/h2>\n<h3><b>Buggy or van rides with Azores Retreat<\/b><\/h3>\n<p>Tours by van or buggy, guided by Jo\u00e3o Medeiros' team. A journey along Terceira's less explored paths.<\/p>\n<p><a href=\"https:\/\/azoresretreat.com\/\">Learn more<\/a><\/p>\n<hr \/>\n<h3><b>Photo Shoot with Lu\u00eds Godinho<\/b><\/h3>\n<p>A special memento of your trip. Alone, as a couple or with the family, Lu\u00eds will guide you through the best scenarios.<\/p>\n<table class=\" aligncenter\" style=\"height: 221px;\" width=\"931\">\n<tbody>\n<tr>\n<td style=\"width: 301px;\"><a href=\"http:\/\/picodavigia.com\/wp-content\/uploads\/2015\/12\/1aea8c7a-6c18-4020-ab3a-9386eedda665-1.jpg\"><img loading=\"lazy\" decoding=\"async\" class=\"aligncenter wp-image-353 size-medium\" src=\"http:\/\/picodavigia.com\/wp-content\/uploads\/2015\/12\/1aea8c7a-6c18-4020-ab3a-9386eedda665-1-300x200.jpg\" alt=\"1aea8c7a-6c18-4020-ab3a-9386eedda665\" width=\"300\" height=\"200\" srcset=\"https:\/\/picodavigia.com\/wp-content\/uploads\/2015\/12\/1aea8c7a-6c18-4020-ab3a-9386eedda665-1-300x200.jpg 300w, https:\/\/picodavigia.com\/wp-content\/uploads\/2015\/12\/1aea8c7a-6c18-4020-ab3a-9386eedda665-1.jpg 960w\" sizes=\"auto, (max-width: 300px) 100vw, 300px\" \/><\/a><\/td>\n<td style=\"width: 303px; text-align: center;\"><a href=\"http:\/\/picodavigia.com\/wp-content\/uploads\/2015\/12\/79a1651e-b528-451f-ada7-d95856e678fe-1.jpg\"><img loading=\"lazy\" decoding=\"async\" class=\"aligncenter wp-image-357 size-medium\" src=\"http:\/\/picodavigia.com\/wp-content\/uploads\/2015\/12\/79a1651e-b528-451f-ada7-d95856e678fe-1-300x200.jpg\" alt=\"79a1651e-b528-451f-ada7-d95856e678fe\" width=\"300\" height=\"200\" srcset=\"https:\/\/picodavigia.com\/wp-content\/uploads\/2015\/12\/79a1651e-b528-451f-ada7-d95856e678fe-1-300x200.jpg 300w, https:\/\/picodavigia.com\/wp-content\/uploads\/2015\/12\/79a1651e-b528-451f-ada7-d95856e678fe-1.jpg 960w\" sizes=\"auto, (max-width: 300px) 100vw, 300px\" \/><\/a><\/td>\n<td style=\"width: 305px; text-align: center;\"><a href=\"http:\/\/picodavigia.com\/wp-content\/uploads\/2015\/12\/51d01b7f-43ed-46cc-bcb3-1d2bcfd53513.jpg\"><img loading=\"lazy\" decoding=\"async\" class=\"aligncenter wp-image-350 size-medium\" src=\"http:\/\/picodavigia.com\/wp-content\/uploads\/2015\/12\/51d01b7f-43ed-46cc-bcb3-1d2bcfd53513-300x200.jpg\" alt=\"51d01b7f-43ed-46cc-bcb3-1d2bcfd53513\" width=\"300\" height=\"200\" srcset=\"https:\/\/picodavigia.com\/wp-content\/uploads\/2015\/12\/51d01b7f-43ed-46cc-bcb3-1d2bcfd53513-300x200.jpg 300w, https:\/\/picodavigia.com\/wp-content\/uploads\/2015\/12\/51d01b7f-43ed-46cc-bcb3-1d2bcfd53513.jpg 960w\" sizes=\"auto, (max-width: 300px) 100vw, 300px\" \/><\/a><\/td>\n<\/tr>\n<\/tbody>\n<\/table>\n<p style=\"text-align: center;\"><img loading=\"lazy\" decoding=\"async\" class=\"alignnone size-full wp-image-363\" src=\"http:\/\/picodavigia.com\/wp-content\/uploads\/2015\/12\/capturar01.png\" alt=\"capturar01\" width=\"191\" height=\"54\" \/><\/p>\n<p><a href=\"https:\/\/www.luisgodinho.com\/\">Learn more<\/a><\/p>\n<hr \/>\n<h3><b>Sea Adventures with Scubazores Divers<\/b><\/h3>\n<p>Options:<\/p>\n<ul>\n<li>Boat trips<\/li>\n<li>Snorkelling<\/li>\n<li>Diving<\/li>\n<li>Diving baptism<\/li>\n<li>Sea scooter dives<\/li>\n<\/ul>\n<p><a href=\"https:\/\/www.scubazoresdivers.com\/\">Learn more<\/a><\/p>\n<hr \/>\n<p><\/p>","protected":false},"excerpt":{"rendered":"<p>Experiences with our partners Buggy or van rides with Azores Retreat Tours by van or buggy, guided by Jo\u00e3o Medeiros' team. A journey along Terceira's less explored paths. Learn more Photo Shoot with Lu\u00eds Godinho A special memento of your trip. Alone, as a couple or with the family, Lu\u00eds will guide you through the [&hellip;]<\/p>\n","protected":false},"author":1,"featured_media":226,"parent":0,"menu_order":0,"comment_status":"closed","ping_status":"closed","template":"","meta":{"footnotes":""},"class_list":["post-12","page","type-page","status-publish","has-post-thumbnail","hentry"],"yoast_head":"<!-- This site is optimized with the Yoast SEO plugin v27.4 - https:\/\/yoast.com\/product\/yoast-seo-wordpress\/ -->\n<title>Activities - Pico da Vigia<\/title>\n<meta name=\"robots\" content=\"index, follow, max-snippet:-1, max-image-preview:large, max-video-preview:-1\" \/>\n<link rel=\"canonical\" href=\"https:\/\/picodavigia.com\/en\/atividades\/\" \/>\n<meta property=\"og:locale\" content=\"en_US\" \/>\n<meta property=\"og:type\" content=\"article\" \/>\n<meta property=\"og:title\" content=\"Activities - Pico da Vigia\" \/>\n<meta property=\"og:description\" content=\"Experiences with our partners Buggy or van rides with Azores Retreat Tours by van or buggy, guided by Jo\u00e3o Medeiros&#039; team. A journey along Terceira&#039;s less explored paths. Learn more Photo Shoot with Lu\u00eds Godinho A special memento of your trip. Alone, as a couple or with the family, Lu\u00eds will guide you through the [&hellip;]\" \/>\n<meta property=\"og:url\" content=\"https:\/\/picodavigia.com\/en\/atividades\/\" \/>\n<meta property=\"og:site_name\" content=\"Pico da Vigia\" \/>\n<meta property=\"article:modified_time\" content=\"2025-05-15T13:31:27+00:00\" \/>\n<meta property=\"og:image\" content=\"https:\/\/picodavigia.com\/wp-content\/uploads\/2015\/12\/actividades.jpg\" \/>\n\t<meta property=\"og:image:width\" content=\"1920\" \/>\n\t<meta property=\"og:image:height\" content=\"283\" \/>\n\t<meta property=\"og:image:type\" content=\"image\/jpeg\" \/>\n<meta name=\"twitter:card\" content=\"summary_large_image\" \/>\n<meta name=\"twitter:label1\" content=\"Est. reading time\" \/>\n\t<meta name=\"twitter:data1\" content=\"1 minute\" \/>\n<script type=\"application\/ld+json\" class=\"yoast-schema-graph\">{\"@context\":\"https:\\\/\\\/schema.org\",\"@graph\":[{\"@type\":\"WebPage\",\"@id\":\"https:\\\/\\\/picodavigia.com\\\/en\\\/atividades\\\/\",\"url\":\"https:\\\/\\\/picodavigia.com\\\/en\\\/atividades\\\/\",\"name\":\"Activities - Pico da Vigia\",\"isPartOf\":{\"@id\":\"https:\\\/\\\/picodavigia.com\\\/en\\\/#website\"},\"primaryImageOfPage\":{\"@id\":\"https:\\\/\\\/picodavigia.com\\\/en\\\/atividades\\\/#primaryimage\"},\"image\":{\"@id\":\"https:\\\/\\\/picodavigia.com\\\/atividades\\\/#primaryimage\"},\"thumbnailUrl\":\"https:\\\/\\\/picodavigia.com\\\/wp-content\\\/uploads\\\/2015\\\/12\\\/actividades.jpg\",\"datePublished\":\"2015-12-06T23:38:24+00:00\",\"dateModified\":\"2025-05-15T13:31:27+00:00\",\"breadcrumb\":{\"@id\":\"https:\\\/\\\/picodavigia.com\\\/en\\\/atividades\\\/#breadcrumb\"},\"inLanguage\":\"en-US\",\"potentialAction\":[{\"@type\":\"ReadAction\",\"target\":[[\"https:\\\/\\\/picodavigia.com\\\/en\\\/atividades\\\/\"]]}]},{\"@type\":\"ImageObject\",\"inLanguage\":\"en-US\",\"@id\":\"https:\\\/\\\/picodavigia.com\\\/en\\\/atividades\\\/#primaryimage\",\"url\":\"https:\\\/\\\/picodavigia.com\\\/wp-content\\\/uploads\\\/2015\\\/12\\\/actividades.jpg\",\"contentUrl\":\"https:\\\/\\\/picodavigia.com\\\/wp-content\\\/uploads\\\/2015\\\/12\\\/actividades.jpg\",\"width\":1920,\"height\":283},{\"@type\":\"BreadcrumbList\",\"@id\":\"https:\\\/\\\/picodavigia.com\\\/en\\\/atividades\\\/#breadcrumb\",\"itemListElement\":[{\"@type\":\"ListItem\",\"position\":1,\"name\":\"Home\",\"item\":\"https:\\\/\\\/picodavigia.com\\\/en\\\/\"},{\"@type\":\"ListItem\",\"position\":2,\"name\":\"Atividades\"}]},{\"@type\":\"WebSite\",\"@id\":\"https:\\\/\\\/picodavigia.com\\\/en\\\/#website\",\"url\":\"https:\\\/\\\/picodavigia.com\\\/en\\\/\",\"name\":\"Pico da Vigia\",\"description\":\"\",\"potentialAction\":[{\"@type\":\"SearchAction\",\"target\":{\"@type\":\"EntryPoint\",\"urlTemplate\":\"https:\\\/\\\/picodavigia.com\\\/en\\\/?s={search_term_string}\"},\"query-input\":{\"@type\":\"PropertyValueSpecification\",\"valueRequired\":true,\"valueName\":\"search_term_string\"}}],\"inLanguage\":\"en-US\"}]}<\/script>\n<!-- \/ Yoast SEO plugin. -->","yoast_head_json":{"title":"Activities - Pico da Vigia","robots":{"index":"index","follow":"follow","max-snippet":"max-snippet:-1","max-image-preview":"max-image-preview:large","max-video-preview":"max-video-preview:-1"},"canonical":"https:\/\/picodavigia.com\/en\/atividades\/","og_locale":"en_US","og_type":"article","og_title":"Activities - Pico da Vigia","og_description":"Experiences with our partners Buggy or van rides with Azores Retreat Tours by van or buggy, guided by Jo\u00e3o Medeiros' team. A journey along Terceira's less explored paths. Learn more Photo Shoot with Lu\u00eds Godinho A special memento of your trip. Alone, as a couple or with the family, Lu\u00eds will guide you through the [&hellip;]","og_url":"https:\/\/picodavigia.com\/en\/atividades\/","og_site_name":"Pico da Vigia","article_modified_time":"2025-05-15T13:31:27+00:00","og_image":[{"width":1920,"height":283,"url":"https:\/\/picodavigia.com\/wp-content\/uploads\/2015\/12\/actividades.jpg","type":"image\/jpeg"}],"twitter_card":"summary_large_image","twitter_misc":{"Est. reading time":"1 minute"},"schema":{"@context":"https:\/\/schema.org","@graph":[{"@type":"WebPage","@id":"https:\/\/picodavigia.com\/en\/atividades\/","url":"https:\/\/picodavigia.com\/en\/atividades\/","name":"Activities - Pico da Vigia","isPartOf":{"@id":"https:\/\/picodavigia.com\/en\/#website"},"primaryImageOfPage":{"@id":"https:\/\/picodavigia.com\/en\/atividades\/#primaryimage"},"image":{"@id":"https:\/\/picodavigia.com\/atividades\/#primaryimage"},"thumbnailUrl":"https:\/\/picodavigia.com\/wp-content\/uploads\/2015\/12\/actividades.jpg","datePublished":"2015-12-06T23:38:24+00:00","dateModified":"2025-05-15T13:31:27+00:00","breadcrumb":{"@id":"https:\/\/picodavigia.com\/en\/atividades\/#breadcrumb"},"inLanguage":"en-US","potentialAction":[{"@type":"ReadAction","target":[["https:\/\/picodavigia.com\/en\/atividades\/"]]}]},{"@type":"ImageObject","inLanguage":"en-US","@id":"https:\/\/picodavigia.com\/en\/atividades\/#primaryimage","url":"https:\/\/picodavigia.com\/wp-content\/uploads\/2015\/12\/actividades.jpg","contentUrl":"https:\/\/picodavigia.com\/wp-content\/uploads\/2015\/12\/actividades.jpg","width":1920,"height":283},{"@type":"BreadcrumbList","@id":"https:\/\/picodavigia.com\/en\/atividades\/#breadcrumb","itemListElement":[{"@type":"ListItem","position":1,"name":"Home","item":"https:\/\/picodavigia.com\/en\/"},{"@type":"ListItem","position":2,"name":"Atividades"}]},{"@type":"WebSite","@id":"https:\/\/picodavigia.com\/en\/#website","url":"https:\/\/picodavigia.com\/en\/","name":"Pico da Vigia","description":"","potentialAction":[{"@type":"SearchAction","target":{"@type":"EntryPoint","urlTemplate":"https:\/\/picodavigia.com\/en\/?s={search_term_string}"},"query-input":{"@type":"PropertyValueSpecification","valueRequired":true,"valueName":"search_term_string"}}],"inLanguage":"en-US"}]}},"_links":{"self":[{"href":"https:\/\/picodavigia.com\/en\/wp-json\/wp\/v2\/pages\/12","targetHints":{"allow":["GET"]}}],"collection":[{"href":"https:\/\/picodavigia.com\/en\/wp-json\/wp\/v2\/pages"}],"about":[{"href":"https:\/\/picodavigia.com\/en\/wp-json\/wp\/v2\/types\/page"}],"author":[{"embeddable":true,"href":"https:\/\/picodavigia.com\/en\/wp-json\/wp\/v2\/users\/1"}],"replies":[{"embeddable":true,"href":"https:\/\/picodavigia.com\/en\/wp-json\/wp\/v2\/comments?post=12"}],"version-history":[{"count":32,"href":"https:\/\/picodavigia.com\/en\/wp-json\/wp\/v2\/pages\/12\/revisions"}],"predecessor-version":[{"id":972,"href":"https:\/\/picodavigia.com\/en\/wp-json\/wp\/v2\/pages\/12\/revisions\/972"}],"wp:featuredmedia":[{"embeddable":true,"href":"https:\/\/picodavigia.com\/en\/wp-json\/wp\/v2\/media\/226"}],"wp:attachment":[{"href":"https:\/\/picodavigia.com\/en\/wp-json\/wp\/v2\/media?parent=12"}],"curies":[{"name":"wp","href":"https:\/\/api.w.org\/{rel}","templated":true}]}}