{"id":2,"date":"2015-12-06T23:08:53","date_gmt":"2015-12-06T23:08:53","guid":{"rendered":"https:\/\/pico-da-vigia-nmsilva.c9users.io\/?page_id=2"},"modified":"2025-03-05T22:24:07","modified_gmt":"2025-03-05T23:24:07","slug":"home","status":"publish","type":"page","link":"https:\/\/picodavigia.com\/de\/","title":{"rendered":"(PT) In\u00edcio"},"content":{"rendered":"<p><\/p>\n<p style=\"text-align: center;\">Auf dem Pico da Vigia in der Gemeinde Santa B\u00e1rbara auf der Azoreninsel Terceira, eingebettet in eine Landschaft aus Gr\u00fcn und Grau, verd\u00fcnnen sechs einfache H\u00e4user, die an steinerne Scheunen erinnern. Zus\u00e4tzlich zu einer einzigartigen Identit\u00e4t teilen sie so feine Luxus wie Einfachheit, Privatsph\u00e4re, Komfort und einen Ausblick, sowohl auf das Meer als auch auf die Berge.<\/p>\n<p style=\"text-align: center;\">In einer harmonischen Verschmelzung von Gegens\u00e4tzen, sammeln sie die L\u00e4ndlichkeit eines Holzofens\/Kamins in der Kochnische mit der Modernit\u00e4t von Glasfaser-Wi-Fi; oder den Klassizismus restaurierter antiker M\u00f6bel, die von den klaren Linien exklusiver St\u00fccke von \u00c1lvaro Siza Vieira eingestreut sind.<\/p>\n<p style=\"text-align: center;\">Das Team von Pico da Vigia k\u00fcmmert sich um Aufgaben wie die Lieferung von Fr\u00fchst\u00fcckszutaten, mit t\u00e4glicher Lieferung von Brot oder w\u00f6chentlicher Reinigung des Hauses. Die G\u00e4ste haben die Verantwortung, zu leben oder zu l\u00e4cheln, zum Beispiel am gemeinsamen Pool mit Blick auf S\u00e3o Jorge und Pico.<\/p>\n<p style=\"text-align: center;\">Wenn, wie der Sohn der Terceirense Maria Magdalena, Fernando Pessoa, sagte: \u201eLiteratur ist die angenehmste Art, das Leben zu ignorieren\u201c, dann ist Pico da Vigia sicherlich ein Gedicht.<\/p>\n<div style=\"text-align: left;\"><\/div>\n<p><\/p>","protected":false},"excerpt":{"rendered":"<p>Auf dem Pico da Vigia in der Gemeinde Santa B\u00e1rbara auf der Azoreninsel Terceira, eingebettet in eine Landschaft aus Gr\u00fcn und Grau, verd\u00fcnnen sechs einfache H\u00e4user, die an steinerne Scheunen erinnern. Zus\u00e4tzlich zu einer einzigartigen Identit\u00e4t teilen sie so feine Luxus wie Einfachheit, Privatsph\u00e4re, Komfort und einen Ausblick, sowohl auf das Meer als auch auf [&hellip;]<\/p>\n","protected":false},"author":1,"featured_media":0,"parent":0,"menu_order":0,"comment_status":"closed","ping_status":"closed","template":"","meta":{"footnotes":""},"class_list":["post-2","page","type-page","status-publish","hentry"],"yoast_head":"<!-- This site is optimized with the Yoast SEO plugin v27.4 - https:\/\/yoast.com\/product\/yoast-seo-wordpress\/ -->\n<title>(PT) In\u00edcio - Pico da Vigia<\/title>\n<meta name=\"robots\" content=\"index, follow, max-snippet:-1, max-image-preview:large, max-video-preview:-1\" \/>\n<link rel=\"canonical\" href=\"https:\/\/picodavigia.com\/de\/\" \/>\n<meta property=\"og:locale\" content=\"de_DE\" \/>\n<meta property=\"og:type\" content=\"article\" \/>\n<meta property=\"og:title\" content=\"(PT) In\u00edcio - Pico da Vigia\" \/>\n<meta property=\"og:description\" content=\"Auf dem Pico da Vigia in der Gemeinde Santa B\u00e1rbara auf der Azoreninsel Terceira, eingebettet in eine Landschaft aus Gr\u00fcn und Grau, verd\u00fcnnen sechs einfache H\u00e4user, die an steinerne Scheunen erinnern. Zus\u00e4tzlich zu einer einzigartigen Identit\u00e4t teilen sie so feine Luxus wie Einfachheit, Privatsph\u00e4re, Komfort und einen Ausblick, sowohl auf das Meer als auch auf [&hellip;]\" \/>\n<meta property=\"og:url\" content=\"https:\/\/picodavigia.com\/de\/\" \/>\n<meta property=\"og:site_name\" content=\"Pico da Vigia\" \/>\n<meta property=\"article:modified_time\" content=\"2025-03-05T23:24:07+00:00\" \/>\n<meta name=\"twitter:card\" content=\"summary_large_image\" \/>\n<meta name=\"twitter:label1\" content=\"Gesch\u00e4tzte Lesezeit\" \/>\n\t<meta name=\"twitter:data1\" content=\"3\u00a0Minuten\" \/>\n<script type=\"application\/ld+json\" class=\"yoast-schema-graph\">{\"@context\":\"https:\\\/\\\/schema.org\",\"@graph\":[{\"@type\":\"WebPage\",\"@id\":\"https:\\\/\\\/picodavigia.com\\\/de\\\/\",\"url\":\"https:\\\/\\\/picodavigia.com\\\/de\\\/\",\"name\":\"(PT) In\u00edcio - Pico da Vigia\",\"isPartOf\":{\"@id\":\"https:\\\/\\\/picodavigia.com\\\/de\\\/#website\"},\"datePublished\":\"2015-12-06T23:08:53+00:00\",\"dateModified\":\"2025-03-05T23:24:07+00:00\",\"breadcrumb\":{\"@id\":\"https:\\\/\\\/picodavigia.com\\\/de\\\/#breadcrumb\"},\"inLanguage\":\"de\",\"potentialAction\":[{\"@type\":\"ReadAction\",\"target\":[[\"https:\\\/\\\/picodavigia.com\\\/de\\\/\"]]}]},{\"@type\":\"BreadcrumbList\",\"@id\":\"https:\\\/\\\/picodavigia.com\\\/de\\\/#breadcrumb\",\"itemListElement\":[{\"@type\":\"ListItem\",\"position\":1,\"name\":\"Home\",\"item\":\"https:\\\/\\\/picodavigia.com\\\/de\\\/\"},{\"@type\":\"ListItem\",\"position\":2,\"name\":\"In\u00edcio\"}]},{\"@type\":\"WebSite\",\"@id\":\"https:\\\/\\\/picodavigia.com\\\/de\\\/#website\",\"url\":\"https:\\\/\\\/picodavigia.com\\\/de\\\/\",\"name\":\"Pico da Vigia\",\"description\":\"\",\"potentialAction\":[{\"@type\":\"SearchAction\",\"target\":{\"@type\":\"EntryPoint\",\"urlTemplate\":\"https:\\\/\\\/picodavigia.com\\\/de\\\/?s={search_term_string}\"},\"query-input\":{\"@type\":\"PropertyValueSpecification\",\"valueRequired\":true,\"valueName\":\"search_term_string\"}}],\"inLanguage\":\"de\"}]}<\/script>\n<!-- \/ Yoast SEO plugin. -->","yoast_head_json":{"title":"(PT) In\u00edcio - Pico da Vigia","robots":{"index":"index","follow":"follow","max-snippet":"max-snippet:-1","max-image-preview":"max-image-preview:large","max-video-preview":"max-video-preview:-1"},"canonical":"https:\/\/picodavigia.com\/de\/","og_locale":"de_DE","og_type":"article","og_title":"(PT) In\u00edcio - Pico da Vigia","og_description":"Auf dem Pico da Vigia in der Gemeinde Santa B\u00e1rbara auf der Azoreninsel Terceira, eingebettet in eine Landschaft aus Gr\u00fcn und Grau, verd\u00fcnnen sechs einfache H\u00e4user, die an steinerne Scheunen erinnern. Zus\u00e4tzlich zu einer einzigartigen Identit\u00e4t teilen sie so feine Luxus wie Einfachheit, Privatsph\u00e4re, Komfort und einen Ausblick, sowohl auf das Meer als auch auf [&hellip;]","og_url":"https:\/\/picodavigia.com\/de\/","og_site_name":"Pico da Vigia","article_modified_time":"2025-03-05T23:24:07+00:00","twitter_card":"summary_large_image","twitter_misc":{"Gesch\u00e4tzte Lesezeit":"3\u00a0Minuten"},"schema":{"@context":"https:\/\/schema.org","@graph":[{"@type":"WebPage","@id":"https:\/\/picodavigia.com\/de\/","url":"https:\/\/picodavigia.com\/de\/","name":"(PT) In\u00edcio - Pico da Vigia","isPartOf":{"@id":"https:\/\/picodavigia.com\/de\/#website"},"datePublished":"2015-12-06T23:08:53+00:00","dateModified":"2025-03-05T23:24:07+00:00","breadcrumb":{"@id":"https:\/\/picodavigia.com\/de\/#breadcrumb"},"inLanguage":"de","potentialAction":[{"@type":"ReadAction","target":[["https:\/\/picodavigia.com\/de\/"]]}]},{"@type":"BreadcrumbList","@id":"https:\/\/picodavigia.com\/de\/#breadcrumb","itemListElement":[{"@type":"ListItem","position":1,"name":"Home","item":"https:\/\/picodavigia.com\/de\/"},{"@type":"ListItem","position":2,"name":"In\u00edcio"}]},{"@type":"WebSite","@id":"https:\/\/picodavigia.com\/de\/#website","url":"https:\/\/picodavigia.com\/de\/","name":"Pico da Vigia","description":"","potentialAction":[{"@type":"SearchAction","target":{"@type":"EntryPoint","urlTemplate":"https:\/\/picodavigia.com\/de\/?s={search_term_string}"},"query-input":{"@type":"PropertyValueSpecification","valueRequired":true,"valueName":"search_term_string"}}],"inLanguage":"de"}]}},"_links":{"self":[{"href":"https:\/\/picodavigia.com\/de\/wp-json\/wp\/v2\/pages\/2","targetHints":{"allow":["GET"]}}],"collection":[{"href":"https:\/\/picodavigia.com\/de\/wp-json\/wp\/v2\/pages"}],"about":[{"href":"https:\/\/picodavigia.com\/de\/wp-json\/wp\/v2\/types\/page"}],"author":[{"embeddable":true,"href":"https:\/\/picodavigia.com\/de\/wp-json\/wp\/v2\/users\/1"}],"replies":[{"embeddable":true,"href":"https:\/\/picodavigia.com\/de\/wp-json\/wp\/v2\/comments?post=2"}],"version-history":[{"count":18,"href":"https:\/\/picodavigia.com\/de\/wp-json\/wp\/v2\/pages\/2\/revisions"}],"predecessor-version":[{"id":624,"href":"https:\/\/picodavigia.com\/de\/wp-json\/wp\/v2\/pages\/2\/revisions\/624"}],"wp:attachment":[{"href":"https:\/\/picodavigia.com\/de\/wp-json\/wp\/v2\/media?parent=2"}],"curies":[{"name":"wp","href":"https:\/\/api.w.org\/{rel}","templated":true}]}}