{"id":164,"date":"2016-05-03T22:39:21","date_gmt":"2016-05-03T22:39:21","guid":{"rendered":"https:\/\/pico-da-vigia-nmsilva.c9users.io\/?page_id=164"},"modified":"2016-06-01T12:29:45","modified_gmt":"2016-06-01T12:29:45","slug":"conforto","status":"publish","type":"page","link":"https:\/\/picodavigia.com\/de\/conforto\/","title":{"rendered":"Gem\u00fctlichkeit"},"content":{"rendered":"<p><span lang=\"de-DE\">Wer in diese H\u00e4user rein kommt m\u00f6chte ein bisschen l\u00e4nger bleiben. Die private Umgebung, die Details, die alles anders machen und die Einfachheit geben das Gef\u00fchl zu Hause zu sein. Man f\u00fchlt sich w\u00f6ll und die Zeit scheint langsamer zu vergehen. Es ist Gem\u00fctlich.<\/span><\/p>\n<p><span lang=\"de-DE\">In dem Entwurf diese H\u00e4user hat man als Schwerpunk das Komfort genommen, da das Gl\u00fcck sich in den kleinen Sachen befindet.<\/span><\/p>\n<p><span lang=\"de-DE\">Besonders im Winter k\u00f6nnen die Inseln vom Wind und sehr viel Regen betroffen werden. Aber es sind genau in solche Tage, wo die B\u00e4che sich auff\u00fcllen und wundersch\u00f6ne Landschaften zeigen, in denen man den Steinoffen anmacht und sich am Fensterbrett mit einem Buch entspannen kann. In solche Tage ist man nur f\u00fcr einander da\u2026 eine Verw\u00f6hnung\u2026<\/span><\/p>","protected":false},"excerpt":{"rendered":"<p>Wer in diese H\u00e4user rein kommt m\u00f6chte ein bisschen l\u00e4nger bleiben. Die private Umgebung, die Details, die alles anders machen und die Einfachheit geben das Gef\u00fchl zu Hause zu sein. Man f\u00fchlt sich w\u00f6ll und die Zeit scheint langsamer zu vergehen. Es ist Gem\u00fctlich. In dem Entwurf diese H\u00e4user hat man als Schwerpunk das Komfort [&hellip;]<\/p>\n","protected":false},"author":1,"featured_media":0,"parent":0,"menu_order":0,"comment_status":"closed","ping_status":"closed","template":"","meta":{"footnotes":""},"class_list":["post-164","page","type-page","status-publish","hentry"],"yoast_head":"<!-- This site is optimized with the Yoast SEO plugin v27.5 - https:\/\/yoast.com\/product\/yoast-seo-wordpress\/ -->\n<title>Gem\u00fctlichkeit - Pico da Vigia<\/title>\n<meta name=\"robots\" content=\"index, follow, max-snippet:-1, max-image-preview:large, max-video-preview:-1\" \/>\n<link rel=\"canonical\" href=\"https:\/\/picodavigia.com\/de\/conforto\/\" \/>\n<meta property=\"og:locale\" content=\"de_DE\" \/>\n<meta property=\"og:type\" content=\"article\" \/>\n<meta property=\"og:title\" content=\"Gem\u00fctlichkeit - Pico da Vigia\" \/>\n<meta property=\"og:description\" content=\"Wer in diese H\u00e4user rein kommt m\u00f6chte ein bisschen l\u00e4nger bleiben. Die private Umgebung, die Details, die alles anders machen und die Einfachheit geben das Gef\u00fchl zu Hause zu sein. Man f\u00fchlt sich w\u00f6ll und die Zeit scheint langsamer zu vergehen. Es ist Gem\u00fctlich. In dem Entwurf diese H\u00e4user hat man als Schwerpunk das Komfort [&hellip;]\" \/>\n<meta property=\"og:url\" content=\"https:\/\/picodavigia.com\/de\/conforto\/\" \/>\n<meta property=\"og:site_name\" content=\"Pico da Vigia\" \/>\n<meta property=\"article:modified_time\" content=\"2016-06-01T12:29:45+00:00\" \/>\n<meta name=\"twitter:card\" content=\"summary_large_image\" \/>\n<meta name=\"twitter:label1\" content=\"Gesch\u00e4tzte Lesezeit\" \/>\n\t<meta name=\"twitter:data1\" content=\"2\u00a0Minuten\" \/>\n<script type=\"application\/ld+json\" class=\"yoast-schema-graph\">{\"@context\":\"https:\\\/\\\/schema.org\",\"@graph\":[{\"@type\":\"WebPage\",\"@id\":\"https:\\\/\\\/picodavigia.com\\\/de\\\/conforto\\\/\",\"url\":\"https:\\\/\\\/picodavigia.com\\\/de\\\/conforto\\\/\",\"name\":\"Gem\u00fctlichkeit - Pico da Vigia\",\"isPartOf\":{\"@id\":\"https:\\\/\\\/picodavigia.com\\\/de\\\/#website\"},\"datePublished\":\"2016-05-03T22:39:21+00:00\",\"dateModified\":\"2016-06-01T12:29:45+00:00\",\"breadcrumb\":{\"@id\":\"https:\\\/\\\/picodavigia.com\\\/de\\\/conforto\\\/#breadcrumb\"},\"inLanguage\":\"de\",\"potentialAction\":[{\"@type\":\"ReadAction\",\"target\":[[\"https:\\\/\\\/picodavigia.com\\\/de\\\/conforto\\\/\"]]}]},{\"@type\":\"BreadcrumbList\",\"@id\":\"https:\\\/\\\/picodavigia.com\\\/de\\\/conforto\\\/#breadcrumb\",\"itemListElement\":[{\"@type\":\"ListItem\",\"position\":1,\"name\":\"Home\",\"item\":\"https:\\\/\\\/picodavigia.com\\\/de\\\/\"},{\"@type\":\"ListItem\",\"position\":2,\"name\":\"Conforto\"}]},{\"@type\":\"WebSite\",\"@id\":\"https:\\\/\\\/picodavigia.com\\\/de\\\/#website\",\"url\":\"https:\\\/\\\/picodavigia.com\\\/de\\\/\",\"name\":\"Pico da Vigia\",\"description\":\"\",\"potentialAction\":[{\"@type\":\"SearchAction\",\"target\":{\"@type\":\"EntryPoint\",\"urlTemplate\":\"https:\\\/\\\/picodavigia.com\\\/de\\\/?s={search_term_string}\"},\"query-input\":{\"@type\":\"PropertyValueSpecification\",\"valueRequired\":true,\"valueName\":\"search_term_string\"}}],\"inLanguage\":\"de\"}]}<\/script>\n<!-- \/ Yoast SEO plugin. -->","yoast_head_json":{"title":"Gem\u00fctlichkeit - Pico da Vigia","robots":{"index":"index","follow":"follow","max-snippet":"max-snippet:-1","max-image-preview":"max-image-preview:large","max-video-preview":"max-video-preview:-1"},"canonical":"https:\/\/picodavigia.com\/de\/conforto\/","og_locale":"de_DE","og_type":"article","og_title":"Gem\u00fctlichkeit - Pico da Vigia","og_description":"Wer in diese H\u00e4user rein kommt m\u00f6chte ein bisschen l\u00e4nger bleiben. Die private Umgebung, die Details, die alles anders machen und die Einfachheit geben das Gef\u00fchl zu Hause zu sein. Man f\u00fchlt sich w\u00f6ll und die Zeit scheint langsamer zu vergehen. Es ist Gem\u00fctlich. In dem Entwurf diese H\u00e4user hat man als Schwerpunk das Komfort [&hellip;]","og_url":"https:\/\/picodavigia.com\/de\/conforto\/","og_site_name":"Pico da Vigia","article_modified_time":"2016-06-01T12:29:45+00:00","twitter_card":"summary_large_image","twitter_misc":{"Gesch\u00e4tzte Lesezeit":"2\u00a0Minuten"},"schema":{"@context":"https:\/\/schema.org","@graph":[{"@type":"WebPage","@id":"https:\/\/picodavigia.com\/de\/conforto\/","url":"https:\/\/picodavigia.com\/de\/conforto\/","name":"Gem\u00fctlichkeit - Pico da Vigia","isPartOf":{"@id":"https:\/\/picodavigia.com\/de\/#website"},"datePublished":"2016-05-03T22:39:21+00:00","dateModified":"2016-06-01T12:29:45+00:00","breadcrumb":{"@id":"https:\/\/picodavigia.com\/de\/conforto\/#breadcrumb"},"inLanguage":"de","potentialAction":[{"@type":"ReadAction","target":[["https:\/\/picodavigia.com\/de\/conforto\/"]]}]},{"@type":"BreadcrumbList","@id":"https:\/\/picodavigia.com\/de\/conforto\/#breadcrumb","itemListElement":[{"@type":"ListItem","position":1,"name":"Home","item":"https:\/\/picodavigia.com\/de\/"},{"@type":"ListItem","position":2,"name":"Conforto"}]},{"@type":"WebSite","@id":"https:\/\/picodavigia.com\/de\/#website","url":"https:\/\/picodavigia.com\/de\/","name":"Pico da Vigia","description":"","potentialAction":[{"@type":"SearchAction","target":{"@type":"EntryPoint","urlTemplate":"https:\/\/picodavigia.com\/de\/?s={search_term_string}"},"query-input":{"@type":"PropertyValueSpecification","valueRequired":true,"valueName":"search_term_string"}}],"inLanguage":"de"}]}},"_links":{"self":[{"href":"https:\/\/picodavigia.com\/de\/wp-json\/wp\/v2\/pages\/164","targetHints":{"allow":["GET"]}}],"collection":[{"href":"https:\/\/picodavigia.com\/de\/wp-json\/wp\/v2\/pages"}],"about":[{"href":"https:\/\/picodavigia.com\/de\/wp-json\/wp\/v2\/types\/page"}],"author":[{"embeddable":true,"href":"https:\/\/picodavigia.com\/de\/wp-json\/wp\/v2\/users\/1"}],"replies":[{"embeddable":true,"href":"https:\/\/picodavigia.com\/de\/wp-json\/wp\/v2\/comments?post=164"}],"version-history":[{"count":0,"href":"https:\/\/picodavigia.com\/de\/wp-json\/wp\/v2\/pages\/164\/revisions"}],"wp:attachment":[{"href":"https:\/\/picodavigia.com\/de\/wp-json\/wp\/v2\/media?parent=164"}],"curies":[{"name":"wp","href":"https:\/\/api.w.org\/{rel}","templated":true}]}}