{"id":163,"date":"2016-05-03T22:39:25","date_gmt":"2016-05-03T23:39:25","guid":{"rendered":"https:\/\/pico-da-vigia-nmsilva.c9users.io\/?page_id=163"},"modified":"2025-04-18T14:50:50","modified_gmt":"2025-04-18T15:50:50","slug":"mobiliario-antigo","status":"publish","type":"page","link":"https:\/\/picodavigia.com\/de\/mobiliario-antigo\/","title":{"rendered":"Zeichen der Zeit"},"content":{"rendered":"<p><\/p>\n<p>Die Einrichtung der H\u00e4user im Pico da Vigia entsteht aus der <strong>Harmonie zwischen Vergangenheit und Gegenwart<\/strong>. <strong>Restaurierte, antike M\u00f6belst\u00fccke<\/strong>, typisch f\u00fcr azoreanische H\u00e4user, verleihen den R\u00e4umen Seele und Identit\u00e4t. Mit schlichten Linien und hellen Farbt\u00f6nen, gefertigt aus H\u00f6lzern wie <strong>Harzkiefer, Flandernkiefer und Wacholder<\/strong>, schaffen sie eine Atmosph\u00e4re von Geborgenheit und W\u00e4rme und vermitteln die zeitlose Essenz eines echten Zuhauses.<br \/>\n<br \/>\nJedes St\u00fcck ist einzigartig und tr\u00e4gt Geschichten in sich, die vom Lauf der Zeit gezeichnet sind. Die Ruhe, die man in jedem Raum sp\u00fcrt, ist zum Teil diesen gelebten Objekten zu verdanken, die hier ein neues Zuhause gefunden haben.<br \/>\n<br \/>\nDoch die Zeit ist nicht an der T\u00fcr stehen geblieben. Auch der zeitgen\u00f6ssische Blick ist hier pr\u00e4sent. <strong>K\u00fcnstler von der Insel Terceira<\/strong> bringen die Gegenwart in diese R\u00e4ume ein, indem sie mit <strong>Fotografien, Gem\u00e4lden und anderen Werken<\/strong> die Essenz unserer Zeit einfangen.<br \/>\n<br \/>\nSo treffen im Pico da Vigia Tradition und Moderne aufeinander und verleihen jedem Haus seinen eigenen Charakter \u2013 ein Ort, an dem Vergangenheit und Gegenwart in perfektem Gleichgewicht miteinander kommunizieren.<br \/>\n<\/p>\n<p>&nbsp;<\/p>","protected":false},"excerpt":{"rendered":"<p>Die Einrichtung der H\u00e4user im Pico da Vigia entsteht aus der Harmonie zwischen Vergangenheit und Gegenwart. Restaurierte, antike M\u00f6belst\u00fccke, typisch f\u00fcr azoreanische H\u00e4user, verleihen den R\u00e4umen Seele und Identit\u00e4t. Mit schlichten Linien und hellen Farbt\u00f6nen, gefertigt aus H\u00f6lzern wie Harzkiefer, Flandernkiefer und Wacholder, schaffen sie eine Atmosph\u00e4re von Geborgenheit und W\u00e4rme und vermitteln die zeitlose [&hellip;]<\/p>\n","protected":false},"author":1,"featured_media":291,"parent":0,"menu_order":0,"comment_status":"closed","ping_status":"closed","template":"","meta":{"footnotes":""},"class_list":["post-163","page","type-page","status-publish","has-post-thumbnail","hentry"],"yoast_head":"<!-- This site is optimized with the Yoast SEO plugin v27.4 - https:\/\/yoast.com\/product\/yoast-seo-wordpress\/ -->\n<title>Zeichen der Zeit - Pico da Vigia<\/title>\n<meta name=\"robots\" content=\"index, follow, max-snippet:-1, max-image-preview:large, max-video-preview:-1\" \/>\n<link rel=\"canonical\" href=\"https:\/\/picodavigia.com\/de\/mobiliario-antigo\/\" \/>\n<meta property=\"og:locale\" content=\"de_DE\" \/>\n<meta property=\"og:type\" content=\"article\" \/>\n<meta property=\"og:title\" content=\"Zeichen der Zeit - Pico da Vigia\" \/>\n<meta property=\"og:description\" content=\"Die Einrichtung der H\u00e4user im Pico da Vigia entsteht aus der Harmonie zwischen Vergangenheit und Gegenwart. Restaurierte, antike M\u00f6belst\u00fccke, typisch f\u00fcr azoreanische H\u00e4user, verleihen den R\u00e4umen Seele und Identit\u00e4t. Mit schlichten Linien und hellen Farbt\u00f6nen, gefertigt aus H\u00f6lzern wie Harzkiefer, Flandernkiefer und Wacholder, schaffen sie eine Atmosph\u00e4re von Geborgenheit und W\u00e4rme und vermitteln die zeitlose [&hellip;]\" \/>\n<meta property=\"og:url\" content=\"https:\/\/picodavigia.com\/de\/mobiliario-antigo\/\" \/>\n<meta property=\"og:site_name\" content=\"Pico da Vigia\" \/>\n<meta property=\"article:modified_time\" content=\"2025-04-18T15:50:50+00:00\" \/>\n<meta property=\"og:image\" content=\"https:\/\/picodavigia.com\/wp-content\/uploads\/2016\/05\/a-marca-do-tempo.jpg\" \/>\n\t<meta property=\"og:image:width\" content=\"1920\" \/>\n\t<meta property=\"og:image:height\" content=\"283\" \/>\n\t<meta property=\"og:image:type\" content=\"image\/jpeg\" \/>\n<meta name=\"twitter:card\" content=\"summary_large_image\" \/>\n<meta name=\"twitter:label1\" content=\"Gesch\u00e4tzte Lesezeit\" \/>\n\t<meta name=\"twitter:data1\" content=\"3\u00a0Minuten\" \/>\n<script type=\"application\/ld+json\" class=\"yoast-schema-graph\">{\"@context\":\"https:\\\/\\\/schema.org\",\"@graph\":[{\"@type\":\"WebPage\",\"@id\":\"https:\\\/\\\/picodavigia.com\\\/de\\\/mobiliario-antigo\\\/\",\"url\":\"https:\\\/\\\/picodavigia.com\\\/de\\\/mobiliario-antigo\\\/\",\"name\":\"Zeichen der Zeit - Pico da Vigia\",\"isPartOf\":{\"@id\":\"https:\\\/\\\/picodavigia.com\\\/de\\\/#website\"},\"primaryImageOfPage\":{\"@id\":\"https:\\\/\\\/picodavigia.com\\\/de\\\/mobiliario-antigo\\\/#primaryimage\"},\"image\":{\"@id\":\"https:\\\/\\\/picodavigia.com\\\/mobiliario-antigo\\\/#primaryimage\"},\"thumbnailUrl\":\"https:\\\/\\\/picodavigia.com\\\/wp-content\\\/uploads\\\/2016\\\/05\\\/a-marca-do-tempo.jpg\",\"datePublished\":\"2016-05-03T23:39:25+00:00\",\"dateModified\":\"2025-04-18T15:50:50+00:00\",\"breadcrumb\":{\"@id\":\"https:\\\/\\\/picodavigia.com\\\/de\\\/mobiliario-antigo\\\/#breadcrumb\"},\"inLanguage\":\"de\",\"potentialAction\":[{\"@type\":\"ReadAction\",\"target\":[[\"https:\\\/\\\/picodavigia.com\\\/de\\\/mobiliario-antigo\\\/\"]]}]},{\"@type\":\"ImageObject\",\"inLanguage\":\"de\",\"@id\":\"https:\\\/\\\/picodavigia.com\\\/de\\\/mobiliario-antigo\\\/#primaryimage\",\"url\":\"https:\\\/\\\/picodavigia.com\\\/wp-content\\\/uploads\\\/2016\\\/05\\\/a-marca-do-tempo.jpg\",\"contentUrl\":\"https:\\\/\\\/picodavigia.com\\\/wp-content\\\/uploads\\\/2016\\\/05\\\/a-marca-do-tempo.jpg\",\"width\":1920,\"height\":283},{\"@type\":\"BreadcrumbList\",\"@id\":\"https:\\\/\\\/picodavigia.com\\\/de\\\/mobiliario-antigo\\\/#breadcrumb\",\"itemListElement\":[{\"@type\":\"ListItem\",\"position\":1,\"name\":\"Home\",\"item\":\"https:\\\/\\\/picodavigia.com\\\/de\\\/\"},{\"@type\":\"ListItem\",\"position\":2,\"name\":\"A Marca do Tempo\"}]},{\"@type\":\"WebSite\",\"@id\":\"https:\\\/\\\/picodavigia.com\\\/de\\\/#website\",\"url\":\"https:\\\/\\\/picodavigia.com\\\/de\\\/\",\"name\":\"Pico da Vigia\",\"description\":\"\",\"potentialAction\":[{\"@type\":\"SearchAction\",\"target\":{\"@type\":\"EntryPoint\",\"urlTemplate\":\"https:\\\/\\\/picodavigia.com\\\/de\\\/?s={search_term_string}\"},\"query-input\":{\"@type\":\"PropertyValueSpecification\",\"valueRequired\":true,\"valueName\":\"search_term_string\"}}],\"inLanguage\":\"de\"}]}<\/script>\n<!-- \/ Yoast SEO plugin. -->","yoast_head_json":{"title":"Zeichen der Zeit - Pico da Vigia","robots":{"index":"index","follow":"follow","max-snippet":"max-snippet:-1","max-image-preview":"max-image-preview:large","max-video-preview":"max-video-preview:-1"},"canonical":"https:\/\/picodavigia.com\/de\/mobiliario-antigo\/","og_locale":"de_DE","og_type":"article","og_title":"Zeichen der Zeit - Pico da Vigia","og_description":"Die Einrichtung der H\u00e4user im Pico da Vigia entsteht aus der Harmonie zwischen Vergangenheit und Gegenwart. Restaurierte, antike M\u00f6belst\u00fccke, typisch f\u00fcr azoreanische H\u00e4user, verleihen den R\u00e4umen Seele und Identit\u00e4t. Mit schlichten Linien und hellen Farbt\u00f6nen, gefertigt aus H\u00f6lzern wie Harzkiefer, Flandernkiefer und Wacholder, schaffen sie eine Atmosph\u00e4re von Geborgenheit und W\u00e4rme und vermitteln die zeitlose [&hellip;]","og_url":"https:\/\/picodavigia.com\/de\/mobiliario-antigo\/","og_site_name":"Pico da Vigia","article_modified_time":"2025-04-18T15:50:50+00:00","og_image":[{"width":1920,"height":283,"url":"https:\/\/picodavigia.com\/wp-content\/uploads\/2016\/05\/a-marca-do-tempo.jpg","type":"image\/jpeg"}],"twitter_card":"summary_large_image","twitter_misc":{"Gesch\u00e4tzte Lesezeit":"3\u00a0Minuten"},"schema":{"@context":"https:\/\/schema.org","@graph":[{"@type":"WebPage","@id":"https:\/\/picodavigia.com\/de\/mobiliario-antigo\/","url":"https:\/\/picodavigia.com\/de\/mobiliario-antigo\/","name":"Zeichen der Zeit - Pico da Vigia","isPartOf":{"@id":"https:\/\/picodavigia.com\/de\/#website"},"primaryImageOfPage":{"@id":"https:\/\/picodavigia.com\/de\/mobiliario-antigo\/#primaryimage"},"image":{"@id":"https:\/\/picodavigia.com\/mobiliario-antigo\/#primaryimage"},"thumbnailUrl":"https:\/\/picodavigia.com\/wp-content\/uploads\/2016\/05\/a-marca-do-tempo.jpg","datePublished":"2016-05-03T23:39:25+00:00","dateModified":"2025-04-18T15:50:50+00:00","breadcrumb":{"@id":"https:\/\/picodavigia.com\/de\/mobiliario-antigo\/#breadcrumb"},"inLanguage":"de","potentialAction":[{"@type":"ReadAction","target":[["https:\/\/picodavigia.com\/de\/mobiliario-antigo\/"]]}]},{"@type":"ImageObject","inLanguage":"de","@id":"https:\/\/picodavigia.com\/de\/mobiliario-antigo\/#primaryimage","url":"https:\/\/picodavigia.com\/wp-content\/uploads\/2016\/05\/a-marca-do-tempo.jpg","contentUrl":"https:\/\/picodavigia.com\/wp-content\/uploads\/2016\/05\/a-marca-do-tempo.jpg","width":1920,"height":283},{"@type":"BreadcrumbList","@id":"https:\/\/picodavigia.com\/de\/mobiliario-antigo\/#breadcrumb","itemListElement":[{"@type":"ListItem","position":1,"name":"Home","item":"https:\/\/picodavigia.com\/de\/"},{"@type":"ListItem","position":2,"name":"A Marca do Tempo"}]},{"@type":"WebSite","@id":"https:\/\/picodavigia.com\/de\/#website","url":"https:\/\/picodavigia.com\/de\/","name":"Pico da Vigia","description":"","potentialAction":[{"@type":"SearchAction","target":{"@type":"EntryPoint","urlTemplate":"https:\/\/picodavigia.com\/de\/?s={search_term_string}"},"query-input":{"@type":"PropertyValueSpecification","valueRequired":true,"valueName":"search_term_string"}}],"inLanguage":"de"}]}},"_links":{"self":[{"href":"https:\/\/picodavigia.com\/de\/wp-json\/wp\/v2\/pages\/163","targetHints":{"allow":["GET"]}}],"collection":[{"href":"https:\/\/picodavigia.com\/de\/wp-json\/wp\/v2\/pages"}],"about":[{"href":"https:\/\/picodavigia.com\/de\/wp-json\/wp\/v2\/types\/page"}],"author":[{"embeddable":true,"href":"https:\/\/picodavigia.com\/de\/wp-json\/wp\/v2\/users\/1"}],"replies":[{"embeddable":true,"href":"https:\/\/picodavigia.com\/de\/wp-json\/wp\/v2\/comments?post=163"}],"version-history":[{"count":5,"href":"https:\/\/picodavigia.com\/de\/wp-json\/wp\/v2\/pages\/163\/revisions"}],"predecessor-version":[{"id":939,"href":"https:\/\/picodavigia.com\/de\/wp-json\/wp\/v2\/pages\/163\/revisions\/939"}],"wp:featuredmedia":[{"embeddable":true,"href":"https:\/\/picodavigia.com\/de\/wp-json\/wp\/v2\/media\/291"}],"wp:attachment":[{"href":"https:\/\/picodavigia.com\/de\/wp-json\/wp\/v2\/media?parent=163"}],"curies":[{"name":"wp","href":"https:\/\/api.w.org\/{rel}","templated":true}]}}