{"id":162,"date":"2016-05-03T22:40:44","date_gmt":"2016-05-03T23:40:44","guid":{"rendered":"https:\/\/pico-da-vigia-nmsilva.c9users.io\/?page_id=162"},"modified":"2025-04-18T14:44:10","modified_gmt":"2025-04-18T15:44:10","slug":"a-mao-de-siza-vieira","status":"publish","type":"page","link":"https:\/\/picodavigia.com\/de\/a-mao-de-siza-vieira\/","title":{"rendered":"Der Stil von Siza Vieira"},"content":{"rendered":"<p><\/p>\n<h3><strong>Der Stil von Siza Vieira im Pico da Vigia<\/strong><\/h3>\n<p>Der Pico da Vigia bewahrt im Inneren einen Dialog zwischen Tradition und Moderne. Einige M\u00f6belst\u00fccke wurden vom Architekten Siza Vieira entworfen \u2013 jedes mit einer zur\u00fcckhaltenden, aber unverkennbaren Pr\u00e4senz. Betten, Nachttische, Sofas, Kleiderschr\u00e4nke und St\u00fchle koexistieren mit antiken M\u00f6beln und schaffen so ein nat\u00fcrliches Gleichgewicht zwischen Vergangenheit und Gegenwart.<br \/>\n<br \/>\nZwei dieser St\u00fccke wurden speziell f\u00fcr den Pico da Vigia entworfen: der <strong>Stuhl Santa B\u00e1rbara<\/strong> und der <strong>Schrank Santa B\u00e1rbara<\/strong>, beide benannt nach der Gemeinde, in der sich das Anwesen befindet. Getreu seinen Stil schlichten entwarf Siza Vieira M\u00f6bel ohne \u00dcberfl\u00fcssiges, bei denen die Form der Funktion folgt. Wie er selbst sagt, mag er es, \u201ewenn ein Stuhl wie ein Stuhl aussieht\u201c.<br \/>\n<br \/>\nHier gibt es keine Elemente, die um Aufmerksamkeit konkurrieren. Jedes ist gleicherma\u00dfen wichtig.<br \/>\n<\/p>\n<p><\/p>","protected":false},"excerpt":{"rendered":"<p>Der Stil von Siza Vieira im Pico da Vigia Der Pico da Vigia bewahrt im Inneren einen Dialog zwischen Tradition und Moderne. Einige M\u00f6belst\u00fccke wurden vom Architekten Siza Vieira entworfen \u2013 jedes mit einer zur\u00fcckhaltenden, aber unverkennbaren Pr\u00e4senz. Betten, Nachttische, Sofas, Kleiderschr\u00e4nke und St\u00fchle koexistieren mit antiken M\u00f6beln und schaffen so ein nat\u00fcrliches Gleichgewicht zwischen [&hellip;]<\/p>\n","protected":false},"author":1,"featured_media":221,"parent":0,"menu_order":0,"comment_status":"closed","ping_status":"closed","template":"","meta":{"footnotes":""},"class_list":["post-162","page","type-page","status-publish","has-post-thumbnail","hentry"],"yoast_head":"<!-- This site is optimized with the Yoast SEO plugin v27.4 - https:\/\/yoast.com\/product\/yoast-seo-wordpress\/ -->\n<title>Der Stil von Siza Vieira - Pico da Vigia<\/title>\n<meta name=\"robots\" content=\"index, follow, max-snippet:-1, max-image-preview:large, max-video-preview:-1\" \/>\n<link rel=\"canonical\" href=\"https:\/\/picodavigia.com\/de\/a-mao-de-siza-vieira\/\" \/>\n<meta property=\"og:locale\" content=\"de_DE\" \/>\n<meta property=\"og:type\" content=\"article\" \/>\n<meta property=\"og:title\" content=\"Der Stil von Siza Vieira - Pico da Vigia\" \/>\n<meta property=\"og:description\" content=\"Der Stil von Siza Vieira im Pico da Vigia Der Pico da Vigia bewahrt im Inneren einen Dialog zwischen Tradition und Moderne. Einige M\u00f6belst\u00fccke wurden vom Architekten Siza Vieira entworfen \u2013 jedes mit einer zur\u00fcckhaltenden, aber unverkennbaren Pr\u00e4senz. Betten, Nachttische, Sofas, Kleiderschr\u00e4nke und St\u00fchle koexistieren mit antiken M\u00f6beln und schaffen so ein nat\u00fcrliches Gleichgewicht zwischen [&hellip;]\" \/>\n<meta property=\"og:url\" content=\"https:\/\/picodavigia.com\/de\/a-mao-de-siza-vieira\/\" \/>\n<meta property=\"og:site_name\" content=\"Pico da Vigia\" \/>\n<meta property=\"article:modified_time\" content=\"2025-04-18T15:44:10+00:00\" \/>\n<meta property=\"og:image\" content=\"https:\/\/picodavigia.com\/wp-content\/uploads\/2016\/05\/Pico_Vigia_-6652-1-e1464788080355.jpeg\" \/>\n\t<meta property=\"og:image:width\" content=\"1273\" \/>\n\t<meta property=\"og:image:height\" content=\"233\" \/>\n\t<meta property=\"og:image:type\" content=\"image\/jpeg\" \/>\n<meta name=\"twitter:card\" content=\"summary_large_image\" \/>\n<meta name=\"twitter:label1\" content=\"Gesch\u00e4tzte Lesezeit\" \/>\n\t<meta name=\"twitter:data1\" content=\"2\u00a0Minuten\" \/>\n<script type=\"application\/ld+json\" class=\"yoast-schema-graph\">{\"@context\":\"https:\\\/\\\/schema.org\",\"@graph\":[{\"@type\":\"WebPage\",\"@id\":\"https:\\\/\\\/picodavigia.com\\\/de\\\/a-mao-de-siza-vieira\\\/\",\"url\":\"https:\\\/\\\/picodavigia.com\\\/de\\\/a-mao-de-siza-vieira\\\/\",\"name\":\"Der Stil von Siza Vieira - Pico da Vigia\",\"isPartOf\":{\"@id\":\"https:\\\/\\\/picodavigia.com\\\/de\\\/#website\"},\"primaryImageOfPage\":{\"@id\":\"https:\\\/\\\/picodavigia.com\\\/de\\\/a-mao-de-siza-vieira\\\/#primaryimage\"},\"image\":{\"@id\":\"https:\\\/\\\/picodavigia.com\\\/a-mao-de-siza-vieira\\\/#primaryimage\"},\"thumbnailUrl\":\"https:\\\/\\\/picodavigia.com\\\/wp-content\\\/uploads\\\/2016\\\/05\\\/Pico_Vigia_-6652-1-e1464788080355.jpeg\",\"datePublished\":\"2016-05-03T23:40:44+00:00\",\"dateModified\":\"2025-04-18T15:44:10+00:00\",\"breadcrumb\":{\"@id\":\"https:\\\/\\\/picodavigia.com\\\/de\\\/a-mao-de-siza-vieira\\\/#breadcrumb\"},\"inLanguage\":\"de\",\"potentialAction\":[{\"@type\":\"ReadAction\",\"target\":[[\"https:\\\/\\\/picodavigia.com\\\/de\\\/a-mao-de-siza-vieira\\\/\"]]}]},{\"@type\":\"ImageObject\",\"inLanguage\":\"de\",\"@id\":\"https:\\\/\\\/picodavigia.com\\\/de\\\/a-mao-de-siza-vieira\\\/#primaryimage\",\"url\":\"https:\\\/\\\/picodavigia.com\\\/wp-content\\\/uploads\\\/2016\\\/05\\\/Pico_Vigia_-6652-1-e1464788080355.jpeg\",\"contentUrl\":\"https:\\\/\\\/picodavigia.com\\\/wp-content\\\/uploads\\\/2016\\\/05\\\/Pico_Vigia_-6652-1-e1464788080355.jpeg\",\"width\":1273,\"height\":233},{\"@type\":\"BreadcrumbList\",\"@id\":\"https:\\\/\\\/picodavigia.com\\\/de\\\/a-mao-de-siza-vieira\\\/#breadcrumb\",\"itemListElement\":[{\"@type\":\"ListItem\",\"position\":1,\"name\":\"Home\",\"item\":\"https:\\\/\\\/picodavigia.com\\\/de\\\/\"},{\"@type\":\"ListItem\",\"position\":2,\"name\":\"A m\u00e3o de Siza Vieira\"}]},{\"@type\":\"WebSite\",\"@id\":\"https:\\\/\\\/picodavigia.com\\\/de\\\/#website\",\"url\":\"https:\\\/\\\/picodavigia.com\\\/de\\\/\",\"name\":\"Pico da Vigia\",\"description\":\"\",\"potentialAction\":[{\"@type\":\"SearchAction\",\"target\":{\"@type\":\"EntryPoint\",\"urlTemplate\":\"https:\\\/\\\/picodavigia.com\\\/de\\\/?s={search_term_string}\"},\"query-input\":{\"@type\":\"PropertyValueSpecification\",\"valueRequired\":true,\"valueName\":\"search_term_string\"}}],\"inLanguage\":\"de\"}]}<\/script>\n<!-- \/ Yoast SEO plugin. -->","yoast_head_json":{"title":"Der Stil von Siza Vieira - Pico da Vigia","robots":{"index":"index","follow":"follow","max-snippet":"max-snippet:-1","max-image-preview":"max-image-preview:large","max-video-preview":"max-video-preview:-1"},"canonical":"https:\/\/picodavigia.com\/de\/a-mao-de-siza-vieira\/","og_locale":"de_DE","og_type":"article","og_title":"Der Stil von Siza Vieira - Pico da Vigia","og_description":"Der Stil von Siza Vieira im Pico da Vigia Der Pico da Vigia bewahrt im Inneren einen Dialog zwischen Tradition und Moderne. Einige M\u00f6belst\u00fccke wurden vom Architekten Siza Vieira entworfen \u2013 jedes mit einer zur\u00fcckhaltenden, aber unverkennbaren Pr\u00e4senz. Betten, Nachttische, Sofas, Kleiderschr\u00e4nke und St\u00fchle koexistieren mit antiken M\u00f6beln und schaffen so ein nat\u00fcrliches Gleichgewicht zwischen [&hellip;]","og_url":"https:\/\/picodavigia.com\/de\/a-mao-de-siza-vieira\/","og_site_name":"Pico da Vigia","article_modified_time":"2025-04-18T15:44:10+00:00","og_image":[{"width":1273,"height":233,"url":"https:\/\/picodavigia.com\/wp-content\/uploads\/2016\/05\/Pico_Vigia_-6652-1-e1464788080355.jpeg","type":"image\/jpeg"}],"twitter_card":"summary_large_image","twitter_misc":{"Gesch\u00e4tzte Lesezeit":"2\u00a0Minuten"},"schema":{"@context":"https:\/\/schema.org","@graph":[{"@type":"WebPage","@id":"https:\/\/picodavigia.com\/de\/a-mao-de-siza-vieira\/","url":"https:\/\/picodavigia.com\/de\/a-mao-de-siza-vieira\/","name":"Der Stil von Siza Vieira - Pico da Vigia","isPartOf":{"@id":"https:\/\/picodavigia.com\/de\/#website"},"primaryImageOfPage":{"@id":"https:\/\/picodavigia.com\/de\/a-mao-de-siza-vieira\/#primaryimage"},"image":{"@id":"https:\/\/picodavigia.com\/a-mao-de-siza-vieira\/#primaryimage"},"thumbnailUrl":"https:\/\/picodavigia.com\/wp-content\/uploads\/2016\/05\/Pico_Vigia_-6652-1-e1464788080355.jpeg","datePublished":"2016-05-03T23:40:44+00:00","dateModified":"2025-04-18T15:44:10+00:00","breadcrumb":{"@id":"https:\/\/picodavigia.com\/de\/a-mao-de-siza-vieira\/#breadcrumb"},"inLanguage":"de","potentialAction":[{"@type":"ReadAction","target":[["https:\/\/picodavigia.com\/de\/a-mao-de-siza-vieira\/"]]}]},{"@type":"ImageObject","inLanguage":"de","@id":"https:\/\/picodavigia.com\/de\/a-mao-de-siza-vieira\/#primaryimage","url":"https:\/\/picodavigia.com\/wp-content\/uploads\/2016\/05\/Pico_Vigia_-6652-1-e1464788080355.jpeg","contentUrl":"https:\/\/picodavigia.com\/wp-content\/uploads\/2016\/05\/Pico_Vigia_-6652-1-e1464788080355.jpeg","width":1273,"height":233},{"@type":"BreadcrumbList","@id":"https:\/\/picodavigia.com\/de\/a-mao-de-siza-vieira\/#breadcrumb","itemListElement":[{"@type":"ListItem","position":1,"name":"Home","item":"https:\/\/picodavigia.com\/de\/"},{"@type":"ListItem","position":2,"name":"A m\u00e3o de Siza Vieira"}]},{"@type":"WebSite","@id":"https:\/\/picodavigia.com\/de\/#website","url":"https:\/\/picodavigia.com\/de\/","name":"Pico da Vigia","description":"","potentialAction":[{"@type":"SearchAction","target":{"@type":"EntryPoint","urlTemplate":"https:\/\/picodavigia.com\/de\/?s={search_term_string}"},"query-input":{"@type":"PropertyValueSpecification","valueRequired":true,"valueName":"search_term_string"}}],"inLanguage":"de"}]}},"_links":{"self":[{"href":"https:\/\/picodavigia.com\/de\/wp-json\/wp\/v2\/pages\/162","targetHints":{"allow":["GET"]}}],"collection":[{"href":"https:\/\/picodavigia.com\/de\/wp-json\/wp\/v2\/pages"}],"about":[{"href":"https:\/\/picodavigia.com\/de\/wp-json\/wp\/v2\/types\/page"}],"author":[{"embeddable":true,"href":"https:\/\/picodavigia.com\/de\/wp-json\/wp\/v2\/users\/1"}],"replies":[{"embeddable":true,"href":"https:\/\/picodavigia.com\/de\/wp-json\/wp\/v2\/comments?post=162"}],"version-history":[{"count":12,"href":"https:\/\/picodavigia.com\/de\/wp-json\/wp\/v2\/pages\/162\/revisions"}],"predecessor-version":[{"id":937,"href":"https:\/\/picodavigia.com\/de\/wp-json\/wp\/v2\/pages\/162\/revisions\/937"}],"wp:featuredmedia":[{"embeddable":true,"href":"https:\/\/picodavigia.com\/de\/wp-json\/wp\/v2\/media\/221"}],"wp:attachment":[{"href":"https:\/\/picodavigia.com\/de\/wp-json\/wp\/v2\/media?parent=162"}],"curies":[{"name":"wp","href":"https:\/\/api.w.org\/{rel}","templated":true}]}}