{"id":16,"date":"2015-12-06T23:38:48","date_gmt":"2015-12-06T23:38:48","guid":{"rendered":"https:\/\/pico-da-vigia-nmsilva.c9users.io\/?page_id=16"},"modified":"2025-04-18T14:38:32","modified_gmt":"2025-04-18T15:38:32","slug":"conceito","status":"publish","type":"page","link":"https:\/\/picodavigia.com\/de\/conceito\/","title":{"rendered":"Pico da Vigia"},"content":{"rendered":"<p><\/p>\n<h2 style=\"text-align: center;\"><strong>KONZEPT<\/strong><\/h2>\n<h3><strong>Die Stille der Natur, der Komfort der Einfachheit<\/strong><\/h3>\n<p>\nAn der Westk\u00fcste der Insel Terceira, wo Steinmauern Felder abgrenzen und das Meer den Horizont bestimmt, f\u00fcgt sich der <strong>Pico da Vigia<\/strong> in die Landschaft ein.<br \/>\n<br \/>\nHier finden sechs H\u00e4user Zuflucht in der Natur, inspiriert von den traditionellen Steinscheunen der Azoren, aber erg\u00e4nzt durch ein Design, das Rustikales mit Zeitgen\u00f6ssischem vereint. Aus Stein gebaut und auf dem Anwesen verteilt, ist jedes Haus ein eigenst\u00e4ndiger Raum \u2013 gedacht f\u00fcr jene, die Einfachheit sch\u00e4tzen, ohne auf Komfort zu verzichten.<br \/>\n<br \/>\nJeder Ort l\u00e4dt zum Entschleunigen ein. Der weitgehend offene Innenraum kombiniert Elemente der lokalen Kultur mit modernen Details und setzt auf eine schlichte Eleganz. Privatsph\u00e4re ist hier selbstverst\u00e4ndlich, die Atmosph\u00e4re ungezwungen. Wer ankommt, f\u00fchlt sich sofort wohl aus.<br \/>\n<br \/>\nHier, liegt das Gl\u00fcck in den kleinen gro\u00dfen Dingen: in der W\u00e4rme des Kamins, im Duft von frischem Brot am Morgen, in der Weite der Landschaft, die sich hinter den Fenstern erstreckt. Der Pico da Vigia gibt keinen Rhythmus vor \u2013 er passt sich dem an, was jeder Gast mitbringt.<br \/>\n<br \/>\n<strong>Wo sich Meer, Berge und Zeit begegnen, gibt es Raum, einfach zu sein.<\/strong><br \/>\n<\/p>\n<p><\/p>","protected":false},"excerpt":{"rendered":"<p>KONZEPT Die Stille der Natur, der Komfort der Einfachheit An der Westk\u00fcste der Insel Terceira, wo Steinmauern Felder abgrenzen und das Meer den Horizont bestimmt, f\u00fcgt sich der Pico da Vigia in die Landschaft ein. Hier finden sechs H\u00e4user Zuflucht in der Natur, inspiriert von den traditionellen Steinscheunen der Azoren, aber erg\u00e4nzt durch ein Design, [&hellip;]<\/p>\n","protected":false},"author":1,"featured_media":293,"parent":0,"menu_order":0,"comment_status":"closed","ping_status":"closed","template":"","meta":{"footnotes":""},"class_list":["post-16","page","type-page","status-publish","has-post-thumbnail","hentry"],"yoast_head":"<!-- This site is optimized with the Yoast SEO plugin v27.4 - https:\/\/yoast.com\/product\/yoast-seo-wordpress\/ -->\n<title>Pico da Vigia - Pico da Vigia<\/title>\n<meta name=\"robots\" content=\"index, follow, max-snippet:-1, max-image-preview:large, max-video-preview:-1\" \/>\n<link rel=\"canonical\" href=\"https:\/\/picodavigia.com\/de\/conceito\/\" \/>\n<meta property=\"og:locale\" content=\"de_DE\" \/>\n<meta property=\"og:type\" content=\"article\" \/>\n<meta property=\"og:title\" content=\"Pico da Vigia - Pico da Vigia\" \/>\n<meta property=\"og:description\" content=\"KONZEPT Die Stille der Natur, der Komfort der Einfachheit An der Westk\u00fcste der Insel Terceira, wo Steinmauern Felder abgrenzen und das Meer den Horizont bestimmt, f\u00fcgt sich der Pico da Vigia in die Landschaft ein. Hier finden sechs H\u00e4user Zuflucht in der Natur, inspiriert von den traditionellen Steinscheunen der Azoren, aber erg\u00e4nzt durch ein Design, [&hellip;]\" \/>\n<meta property=\"og:url\" content=\"https:\/\/picodavigia.com\/de\/conceito\/\" \/>\n<meta property=\"og:site_name\" content=\"Pico da Vigia\" \/>\n<meta property=\"article:modified_time\" content=\"2025-04-18T15:38:32+00:00\" \/>\n<meta property=\"og:image\" content=\"https:\/\/picodavigia.com\/wp-content\/uploads\/2015\/12\/conceito-1.jpg\" \/>\n\t<meta property=\"og:image:width\" content=\"1920\" \/>\n\t<meta property=\"og:image:height\" content=\"283\" \/>\n\t<meta property=\"og:image:type\" content=\"image\/jpeg\" \/>\n<meta name=\"twitter:card\" content=\"summary_large_image\" \/>\n<meta name=\"twitter:label1\" content=\"Gesch\u00e4tzte Lesezeit\" \/>\n\t<meta name=\"twitter:data1\" content=\"3\u00a0Minuten\" \/>\n<script type=\"application\/ld+json\" class=\"yoast-schema-graph\">{\"@context\":\"https:\\\/\\\/schema.org\",\"@graph\":[{\"@type\":\"WebPage\",\"@id\":\"https:\\\/\\\/picodavigia.com\\\/de\\\/conceito\\\/\",\"url\":\"https:\\\/\\\/picodavigia.com\\\/de\\\/conceito\\\/\",\"name\":\"Pico da Vigia - Pico da Vigia\",\"isPartOf\":{\"@id\":\"https:\\\/\\\/picodavigia.com\\\/de\\\/#website\"},\"primaryImageOfPage\":{\"@id\":\"https:\\\/\\\/picodavigia.com\\\/de\\\/conceito\\\/#primaryimage\"},\"image\":{\"@id\":\"https:\\\/\\\/picodavigia.com\\\/conceito\\\/#primaryimage\"},\"thumbnailUrl\":\"https:\\\/\\\/picodavigia.com\\\/wp-content\\\/uploads\\\/2015\\\/12\\\/conceito-1.jpg\",\"datePublished\":\"2015-12-06T23:38:48+00:00\",\"dateModified\":\"2025-04-18T15:38:32+00:00\",\"breadcrumb\":{\"@id\":\"https:\\\/\\\/picodavigia.com\\\/de\\\/conceito\\\/#breadcrumb\"},\"inLanguage\":\"de\",\"potentialAction\":[{\"@type\":\"ReadAction\",\"target\":[[\"https:\\\/\\\/picodavigia.com\\\/de\\\/conceito\\\/\"]]}]},{\"@type\":\"ImageObject\",\"inLanguage\":\"de\",\"@id\":\"https:\\\/\\\/picodavigia.com\\\/de\\\/conceito\\\/#primaryimage\",\"url\":\"https:\\\/\\\/picodavigia.com\\\/wp-content\\\/uploads\\\/2015\\\/12\\\/conceito-1.jpg\",\"contentUrl\":\"https:\\\/\\\/picodavigia.com\\\/wp-content\\\/uploads\\\/2015\\\/12\\\/conceito-1.jpg\",\"width\":1920,\"height\":283},{\"@type\":\"BreadcrumbList\",\"@id\":\"https:\\\/\\\/picodavigia.com\\\/de\\\/conceito\\\/#breadcrumb\",\"itemListElement\":[{\"@type\":\"ListItem\",\"position\":1,\"name\":\"Home\",\"item\":\"https:\\\/\\\/picodavigia.com\\\/de\\\/\"},{\"@type\":\"ListItem\",\"position\":2,\"name\":\"Pico da Vigia\"}]},{\"@type\":\"WebSite\",\"@id\":\"https:\\\/\\\/picodavigia.com\\\/de\\\/#website\",\"url\":\"https:\\\/\\\/picodavigia.com\\\/de\\\/\",\"name\":\"Pico da Vigia\",\"description\":\"\",\"potentialAction\":[{\"@type\":\"SearchAction\",\"target\":{\"@type\":\"EntryPoint\",\"urlTemplate\":\"https:\\\/\\\/picodavigia.com\\\/de\\\/?s={search_term_string}\"},\"query-input\":{\"@type\":\"PropertyValueSpecification\",\"valueRequired\":true,\"valueName\":\"search_term_string\"}}],\"inLanguage\":\"de\"}]}<\/script>\n<!-- \/ Yoast SEO plugin. -->","yoast_head_json":{"title":"Pico da Vigia - Pico da Vigia","robots":{"index":"index","follow":"follow","max-snippet":"max-snippet:-1","max-image-preview":"max-image-preview:large","max-video-preview":"max-video-preview:-1"},"canonical":"https:\/\/picodavigia.com\/de\/conceito\/","og_locale":"de_DE","og_type":"article","og_title":"Pico da Vigia - Pico da Vigia","og_description":"KONZEPT Die Stille der Natur, der Komfort der Einfachheit An der Westk\u00fcste der Insel Terceira, wo Steinmauern Felder abgrenzen und das Meer den Horizont bestimmt, f\u00fcgt sich der Pico da Vigia in die Landschaft ein. Hier finden sechs H\u00e4user Zuflucht in der Natur, inspiriert von den traditionellen Steinscheunen der Azoren, aber erg\u00e4nzt durch ein Design, [&hellip;]","og_url":"https:\/\/picodavigia.com\/de\/conceito\/","og_site_name":"Pico da Vigia","article_modified_time":"2025-04-18T15:38:32+00:00","og_image":[{"width":1920,"height":283,"url":"https:\/\/picodavigia.com\/wp-content\/uploads\/2015\/12\/conceito-1.jpg","type":"image\/jpeg"}],"twitter_card":"summary_large_image","twitter_misc":{"Gesch\u00e4tzte Lesezeit":"3\u00a0Minuten"},"schema":{"@context":"https:\/\/schema.org","@graph":[{"@type":"WebPage","@id":"https:\/\/picodavigia.com\/de\/conceito\/","url":"https:\/\/picodavigia.com\/de\/conceito\/","name":"Pico da Vigia - Pico da Vigia","isPartOf":{"@id":"https:\/\/picodavigia.com\/de\/#website"},"primaryImageOfPage":{"@id":"https:\/\/picodavigia.com\/de\/conceito\/#primaryimage"},"image":{"@id":"https:\/\/picodavigia.com\/conceito\/#primaryimage"},"thumbnailUrl":"https:\/\/picodavigia.com\/wp-content\/uploads\/2015\/12\/conceito-1.jpg","datePublished":"2015-12-06T23:38:48+00:00","dateModified":"2025-04-18T15:38:32+00:00","breadcrumb":{"@id":"https:\/\/picodavigia.com\/de\/conceito\/#breadcrumb"},"inLanguage":"de","potentialAction":[{"@type":"ReadAction","target":[["https:\/\/picodavigia.com\/de\/conceito\/"]]}]},{"@type":"ImageObject","inLanguage":"de","@id":"https:\/\/picodavigia.com\/de\/conceito\/#primaryimage","url":"https:\/\/picodavigia.com\/wp-content\/uploads\/2015\/12\/conceito-1.jpg","contentUrl":"https:\/\/picodavigia.com\/wp-content\/uploads\/2015\/12\/conceito-1.jpg","width":1920,"height":283},{"@type":"BreadcrumbList","@id":"https:\/\/picodavigia.com\/de\/conceito\/#breadcrumb","itemListElement":[{"@type":"ListItem","position":1,"name":"Home","item":"https:\/\/picodavigia.com\/de\/"},{"@type":"ListItem","position":2,"name":"Pico da Vigia"}]},{"@type":"WebSite","@id":"https:\/\/picodavigia.com\/de\/#website","url":"https:\/\/picodavigia.com\/de\/","name":"Pico da Vigia","description":"","potentialAction":[{"@type":"SearchAction","target":{"@type":"EntryPoint","urlTemplate":"https:\/\/picodavigia.com\/de\/?s={search_term_string}"},"query-input":{"@type":"PropertyValueSpecification","valueRequired":true,"valueName":"search_term_string"}}],"inLanguage":"de"}]}},"_links":{"self":[{"href":"https:\/\/picodavigia.com\/de\/wp-json\/wp\/v2\/pages\/16","targetHints":{"allow":["GET"]}}],"collection":[{"href":"https:\/\/picodavigia.com\/de\/wp-json\/wp\/v2\/pages"}],"about":[{"href":"https:\/\/picodavigia.com\/de\/wp-json\/wp\/v2\/types\/page"}],"author":[{"embeddable":true,"href":"https:\/\/picodavigia.com\/de\/wp-json\/wp\/v2\/users\/1"}],"replies":[{"embeddable":true,"href":"https:\/\/picodavigia.com\/de\/wp-json\/wp\/v2\/comments?post=16"}],"version-history":[{"count":29,"href":"https:\/\/picodavigia.com\/de\/wp-json\/wp\/v2\/pages\/16\/revisions"}],"predecessor-version":[{"id":934,"href":"https:\/\/picodavigia.com\/de\/wp-json\/wp\/v2\/pages\/16\/revisions\/934"}],"wp:featuredmedia":[{"embeddable":true,"href":"https:\/\/picodavigia.com\/de\/wp-json\/wp\/v2\/media\/293"}],"wp:attachment":[{"href":"https:\/\/picodavigia.com\/de\/wp-json\/wp\/v2\/media?parent=16"}],"curies":[{"name":"wp","href":"https:\/\/api.w.org\/{rel}","templated":true}]}}