{"id":153,"date":"2016-04-26T21:41:11","date_gmt":"2016-04-26T21:41:11","guid":{"rendered":"https:\/\/pico-da-vigia-nmsilva.c9users.io\/?page_id=153"},"modified":"2025-04-18T15:05:31","modified_gmt":"2025-04-18T16:05:31","slug":"a-quinta","status":"publish","type":"page","link":"https:\/\/picodavigia.com\/de\/a-quinta\/","title":{"rendered":"Der Bauernhof"},"content":{"rendered":"<p><span style=\"font-weight: 400;\"><a href=\"http:\/\/picodavigia.com\/wp-content\/uploads\/2016\/04\/01.jpg\" rel=\"attachment wp-att-157\"><img loading=\"lazy\" decoding=\"async\" class=\"alignright wp-image-157 size-medium\" src=\"http:\/\/picodavigia.com\/wp-content\/uploads\/2016\/04\/01-300x200.jpg\" alt=\"01\" width=\"300\" height=\"200\" srcset=\"https:\/\/picodavigia.com\/wp-content\/uploads\/2016\/04\/01-300x200.jpg 300w, https:\/\/picodavigia.com\/wp-content\/uploads\/2016\/04\/01-768x512.jpg 768w, https:\/\/picodavigia.com\/wp-content\/uploads\/2016\/04\/01.jpg 960w\" sizes=\"auto, (max-width: 300px) 100vw, 300px\" \/><\/a><\/span><\/p>\n<p>&nbsp;<\/p>\n<p><span lang=\"de-DE\">Im Herzen des Pico da Vigia bringt die Erde Fr\u00fcchte hervor und wandelt sich im Rhythmus der Jahreszeiten.<\/span><br \/>\n<\/p>\n<p><span lang=\"de-DE\">Der noch junge <strong>Obstgarten<\/strong> w\u00e4chst Jahr f\u00fcr Jahr und verspricht <strong>Orangen, \u00c4pfel, Pflaumen und Anonas<\/strong> zur rechten Zeit. Der <strong>Gem\u00fcsegarten<\/strong> folgt dem nat\u00fcrlichen Zyklus mit wechselnden Kulturen je nach Saison, w\u00e4hrend das <strong>1.500 m\u00b2 gro\u00dfe Gew\u00e4chshaus<\/strong> das ganze Jahr \u00fcber frische Produkte liefert. Unter freiem Himmel trotzen Proteas den Elementen und erobern ihren Platz in der Landschaft.<\/span><\/p>\n<p>&nbsp;<\/p>\n<p>&nbsp;<\/p>\n<p>&nbsp;<\/p>\n<p>&nbsp;<\/p>\n<p>&nbsp;<\/p>\n<p>&nbsp;<\/p>\n<p>&nbsp;<\/p>\n<p>&nbsp;<\/p>\n<p>&nbsp;<\/p>\n<p><a href=\"http:\/\/picodavigia.com\/wp-content\/uploads\/2016\/04\/02.jpg\" rel=\"attachment wp-att-158\"><img loading=\"lazy\" decoding=\"async\" class=\"size-medium wp-image-158 alignright\" src=\"http:\/\/picodavigia.com\/wp-content\/uploads\/2016\/04\/02-300x200.jpg\" alt=\"02\" width=\"300\" height=\"200\" srcset=\"https:\/\/picodavigia.com\/wp-content\/uploads\/2016\/04\/02-300x200.jpg 300w, https:\/\/picodavigia.com\/wp-content\/uploads\/2016\/04\/02-768x512.jpg 768w, https:\/\/picodavigia.com\/wp-content\/uploads\/2016\/04\/02-1024x682.jpg 1024w, https:\/\/picodavigia.com\/wp-content\/uploads\/2016\/04\/02.jpg 1244w\" sizes=\"auto, (max-width: 300px) 100vw, 300px\" \/><\/a><\/p>\n<p><span lang=\"de-DE\">Doch das Landgut ist mehr als nur eine landwirtschaftliche Kulisse \u2013 es l\u00e4dt dazu ein, erlebt zu werden.<\/span><br \/>\n<\/p>\n<p><span lang=\"de-DE\">Auf <strong>53.000 m\u00b2<\/strong> gibt es Wege, die durch Felder und zwischen B\u00e4umen zum Erkunden einladen. Die geernteten <strong>Produkte<\/strong> bereichern die Mahlzeiten der G\u00e4ste und bringen den <strong>authentischen Geschmack der Insel<\/strong> auf den Tisch.<\/span><br \/>\n<br \/>\n<span lang=\"de-DE\">Hier wird der Kontakt mit der Erde zu einer <strong>sinnlichen Erfahrung<\/strong> \u2013 eine Einladung, tief durchzuatmen und die Ruhe zu sp\u00fcren, die die Natur.<\/span><\/p>\n<p>&nbsp;<\/p>\n<p>&nbsp;<\/p>\n<p>&nbsp;<\/p>\n<p>&nbsp;<\/p>\n<p>&nbsp;<\/p>\n<p>&nbsp;<\/p>\n<p>&nbsp;<\/p>\n<p>&nbsp;<\/p>","protected":false},"excerpt":{"rendered":"<p>&nbsp; Im Herzen des Pico da Vigia bringt die Erde Fr\u00fcchte hervor und wandelt sich im Rhythmus der Jahreszeiten. Der noch junge Obstgarten w\u00e4chst Jahr f\u00fcr Jahr und verspricht Orangen, \u00c4pfel, Pflaumen und Anonas zur rechten Zeit. Der Gem\u00fcsegarten folgt dem nat\u00fcrlichen Zyklus mit wechselnden Kulturen je nach Saison, w\u00e4hrend das 1.500 m\u00b2 gro\u00dfe Gew\u00e4chshaus [&hellip;]<\/p>\n","protected":false},"author":1,"featured_media":290,"parent":0,"menu_order":0,"comment_status":"closed","ping_status":"closed","template":"","meta":{"footnotes":""},"class_list":["post-153","page","type-page","status-publish","has-post-thumbnail","hentry"],"yoast_head":"<!-- This site is optimized with the Yoast SEO plugin v27.4 - https:\/\/yoast.com\/product\/yoast-seo-wordpress\/ -->\n<title>Der Bauernhof - Pico da Vigia<\/title>\n<meta name=\"robots\" content=\"index, follow, max-snippet:-1, max-image-preview:large, max-video-preview:-1\" \/>\n<link rel=\"canonical\" href=\"https:\/\/picodavigia.com\/de\/a-quinta\/\" \/>\n<meta property=\"og:locale\" content=\"de_DE\" \/>\n<meta property=\"og:type\" content=\"article\" \/>\n<meta property=\"og:title\" content=\"Der Bauernhof - Pico da Vigia\" \/>\n<meta property=\"og:description\" content=\"&nbsp; Im Herzen des Pico da Vigia bringt die Erde Fr\u00fcchte hervor und wandelt sich im Rhythmus der Jahreszeiten. Der noch junge Obstgarten w\u00e4chst Jahr f\u00fcr Jahr und verspricht Orangen, \u00c4pfel, Pflaumen und Anonas zur rechten Zeit. Der Gem\u00fcsegarten folgt dem nat\u00fcrlichen Zyklus mit wechselnden Kulturen je nach Saison, w\u00e4hrend das 1.500 m\u00b2 gro\u00dfe Gew\u00e4chshaus [&hellip;]\" \/>\n<meta property=\"og:url\" content=\"https:\/\/picodavigia.com\/de\/a-quinta\/\" \/>\n<meta property=\"og:site_name\" content=\"Pico da Vigia\" \/>\n<meta property=\"article:modified_time\" content=\"2025-04-18T16:05:31+00:00\" \/>\n<meta property=\"og:image\" content=\"https:\/\/picodavigia.com\/wp-content\/uploads\/2016\/04\/a-quinta.jpg\" \/>\n\t<meta property=\"og:image:width\" content=\"1920\" \/>\n\t<meta property=\"og:image:height\" content=\"283\" \/>\n\t<meta property=\"og:image:type\" content=\"image\/jpeg\" \/>\n<meta name=\"twitter:card\" content=\"summary_large_image\" \/>\n<meta name=\"twitter:label1\" content=\"Gesch\u00e4tzte Lesezeit\" \/>\n\t<meta name=\"twitter:data1\" content=\"2\u00a0Minuten\" \/>\n<script type=\"application\/ld+json\" class=\"yoast-schema-graph\">{\"@context\":\"https:\\\/\\\/schema.org\",\"@graph\":[{\"@type\":\"WebPage\",\"@id\":\"https:\\\/\\\/picodavigia.com\\\/de\\\/a-quinta\\\/\",\"url\":\"https:\\\/\\\/picodavigia.com\\\/de\\\/a-quinta\\\/\",\"name\":\"Der Bauernhof - Pico da Vigia\",\"isPartOf\":{\"@id\":\"https:\\\/\\\/picodavigia.com\\\/de\\\/#website\"},\"primaryImageOfPage\":{\"@id\":\"https:\\\/\\\/picodavigia.com\\\/de\\\/a-quinta\\\/#primaryimage\"},\"image\":{\"@id\":\"https:\\\/\\\/picodavigia.com\\\/en\\\/a-quinta\\\/#primaryimage\"},\"thumbnailUrl\":\"https:\\\/\\\/picodavigia.com\\\/wp-content\\\/uploads\\\/2016\\\/04\\\/a-quinta.jpg\",\"datePublished\":\"2016-04-26T21:41:11+00:00\",\"dateModified\":\"2025-04-18T16:05:31+00:00\",\"breadcrumb\":{\"@id\":\"https:\\\/\\\/picodavigia.com\\\/de\\\/a-quinta\\\/#breadcrumb\"},\"inLanguage\":\"de\",\"potentialAction\":[{\"@type\":\"ReadAction\",\"target\":[[\"https:\\\/\\\/picodavigia.com\\\/de\\\/a-quinta\\\/\"]]}]},{\"@type\":\"ImageObject\",\"inLanguage\":\"de\",\"@id\":\"https:\\\/\\\/picodavigia.com\\\/de\\\/a-quinta\\\/#primaryimage\",\"url\":\"https:\\\/\\\/picodavigia.com\\\/wp-content\\\/uploads\\\/2016\\\/04\\\/a-quinta.jpg\",\"contentUrl\":\"https:\\\/\\\/picodavigia.com\\\/wp-content\\\/uploads\\\/2016\\\/04\\\/a-quinta.jpg\",\"width\":1920,\"height\":283},{\"@type\":\"BreadcrumbList\",\"@id\":\"https:\\\/\\\/picodavigia.com\\\/de\\\/a-quinta\\\/#breadcrumb\",\"itemListElement\":[{\"@type\":\"ListItem\",\"position\":1,\"name\":\"Home\",\"item\":\"https:\\\/\\\/picodavigia.com\\\/de\\\/\"},{\"@type\":\"ListItem\",\"position\":2,\"name\":\"The Farm\"}]},{\"@type\":\"WebSite\",\"@id\":\"https:\\\/\\\/picodavigia.com\\\/de\\\/#website\",\"url\":\"https:\\\/\\\/picodavigia.com\\\/de\\\/\",\"name\":\"Pico da Vigia\",\"description\":\"\",\"potentialAction\":[{\"@type\":\"SearchAction\",\"target\":{\"@type\":\"EntryPoint\",\"urlTemplate\":\"https:\\\/\\\/picodavigia.com\\\/de\\\/?s={search_term_string}\"},\"query-input\":{\"@type\":\"PropertyValueSpecification\",\"valueRequired\":true,\"valueName\":\"search_term_string\"}}],\"inLanguage\":\"de\"}]}<\/script>\n<!-- \/ Yoast SEO plugin. -->","yoast_head_json":{"title":"Der Bauernhof - Pico da Vigia","robots":{"index":"index","follow":"follow","max-snippet":"max-snippet:-1","max-image-preview":"max-image-preview:large","max-video-preview":"max-video-preview:-1"},"canonical":"https:\/\/picodavigia.com\/de\/a-quinta\/","og_locale":"de_DE","og_type":"article","og_title":"Der Bauernhof - Pico da Vigia","og_description":"&nbsp; Im Herzen des Pico da Vigia bringt die Erde Fr\u00fcchte hervor und wandelt sich im Rhythmus der Jahreszeiten. Der noch junge Obstgarten w\u00e4chst Jahr f\u00fcr Jahr und verspricht Orangen, \u00c4pfel, Pflaumen und Anonas zur rechten Zeit. Der Gem\u00fcsegarten folgt dem nat\u00fcrlichen Zyklus mit wechselnden Kulturen je nach Saison, w\u00e4hrend das 1.500 m\u00b2 gro\u00dfe Gew\u00e4chshaus [&hellip;]","og_url":"https:\/\/picodavigia.com\/de\/a-quinta\/","og_site_name":"Pico da Vigia","article_modified_time":"2025-04-18T16:05:31+00:00","og_image":[{"width":1920,"height":283,"url":"https:\/\/picodavigia.com\/wp-content\/uploads\/2016\/04\/a-quinta.jpg","type":"image\/jpeg"}],"twitter_card":"summary_large_image","twitter_misc":{"Gesch\u00e4tzte Lesezeit":"2\u00a0Minuten"},"schema":{"@context":"https:\/\/schema.org","@graph":[{"@type":"WebPage","@id":"https:\/\/picodavigia.com\/de\/a-quinta\/","url":"https:\/\/picodavigia.com\/de\/a-quinta\/","name":"Der Bauernhof - Pico da Vigia","isPartOf":{"@id":"https:\/\/picodavigia.com\/de\/#website"},"primaryImageOfPage":{"@id":"https:\/\/picodavigia.com\/de\/a-quinta\/#primaryimage"},"image":{"@id":"https:\/\/picodavigia.com\/en\/a-quinta\/#primaryimage"},"thumbnailUrl":"https:\/\/picodavigia.com\/wp-content\/uploads\/2016\/04\/a-quinta.jpg","datePublished":"2016-04-26T21:41:11+00:00","dateModified":"2025-04-18T16:05:31+00:00","breadcrumb":{"@id":"https:\/\/picodavigia.com\/de\/a-quinta\/#breadcrumb"},"inLanguage":"de","potentialAction":[{"@type":"ReadAction","target":[["https:\/\/picodavigia.com\/de\/a-quinta\/"]]}]},{"@type":"ImageObject","inLanguage":"de","@id":"https:\/\/picodavigia.com\/de\/a-quinta\/#primaryimage","url":"https:\/\/picodavigia.com\/wp-content\/uploads\/2016\/04\/a-quinta.jpg","contentUrl":"https:\/\/picodavigia.com\/wp-content\/uploads\/2016\/04\/a-quinta.jpg","width":1920,"height":283},{"@type":"BreadcrumbList","@id":"https:\/\/picodavigia.com\/de\/a-quinta\/#breadcrumb","itemListElement":[{"@type":"ListItem","position":1,"name":"Home","item":"https:\/\/picodavigia.com\/de\/"},{"@type":"ListItem","position":2,"name":"The Farm"}]},{"@type":"WebSite","@id":"https:\/\/picodavigia.com\/de\/#website","url":"https:\/\/picodavigia.com\/de\/","name":"Pico da Vigia","description":"","potentialAction":[{"@type":"SearchAction","target":{"@type":"EntryPoint","urlTemplate":"https:\/\/picodavigia.com\/de\/?s={search_term_string}"},"query-input":{"@type":"PropertyValueSpecification","valueRequired":true,"valueName":"search_term_string"}}],"inLanguage":"de"}]}},"_links":{"self":[{"href":"https:\/\/picodavigia.com\/de\/wp-json\/wp\/v2\/pages\/153","targetHints":{"allow":["GET"]}}],"collection":[{"href":"https:\/\/picodavigia.com\/de\/wp-json\/wp\/v2\/pages"}],"about":[{"href":"https:\/\/picodavigia.com\/de\/wp-json\/wp\/v2\/types\/page"}],"author":[{"embeddable":true,"href":"https:\/\/picodavigia.com\/de\/wp-json\/wp\/v2\/users\/1"}],"replies":[{"embeddable":true,"href":"https:\/\/picodavigia.com\/de\/wp-json\/wp\/v2\/comments?post=153"}],"version-history":[{"count":16,"href":"https:\/\/picodavigia.com\/de\/wp-json\/wp\/v2\/pages\/153\/revisions"}],"predecessor-version":[{"id":946,"href":"https:\/\/picodavigia.com\/de\/wp-json\/wp\/v2\/pages\/153\/revisions\/946"}],"wp:featuredmedia":[{"embeddable":true,"href":"https:\/\/picodavigia.com\/de\/wp-json\/wp\/v2\/media\/290"}],"wp:attachment":[{"href":"https:\/\/picodavigia.com\/de\/wp-json\/wp\/v2\/media?parent=153"}],"curies":[{"name":"wp","href":"https:\/\/api.w.org\/{rel}","templated":true}]}}