{"id":12,"date":"2015-12-06T23:38:24","date_gmt":"2015-12-06T23:38:24","guid":{"rendered":"https:\/\/pico-da-vigia-nmsilva.c9users.io\/?page_id=12"},"modified":"2025-05-15T12:31:27","modified_gmt":"2025-05-15T13:31:27","slug":"atividades","status":"publish","type":"page","link":"https:\/\/picodavigia.com\/de\/atividades\/","title":{"rendered":"Aktivit\u00e4ten"},"content":{"rendered":"<p><\/p>\n<h2><b>Erlebnisse mit unseren Partnern<\/b><\/h2>\n<h3><b>Buggy- oder Van-Touren mit Azores Retreat<\/b><\/h3>\n<p>Touren mit dem Van oder Buggy, gef\u00fchrt vom Team rund um Jo\u00e3o Medeiros. Eine Reise abseits der \u00fcblichen Wege auf der Insel Terceira.<\/p>\n<p><a href=\"https:\/\/azoresretreat.com\/\">Mehr erfahren<\/a><\/p>\n<hr \/>\n<h3><b>Fotoshooting mit Lu\u00eds Godinho<\/b><\/h3>\n<p>Ein besonderes Andenken an Ihre Reise. Allein, zu zweit oder mit der Familie \u2013 Lu\u00eds kennt die besten Kulissen.<\/p>\n<table class=\" aligncenter\" style=\"height: 221px;\" width=\"931\">\n<tbody>\n<tr>\n<td style=\"width: 301px;\"><a href=\"http:\/\/picodavigia.com\/wp-content\/uploads\/2015\/12\/1aea8c7a-6c18-4020-ab3a-9386eedda665-1.jpg\"><img loading=\"lazy\" decoding=\"async\" class=\"aligncenter wp-image-353 size-medium\" src=\"http:\/\/picodavigia.com\/wp-content\/uploads\/2015\/12\/1aea8c7a-6c18-4020-ab3a-9386eedda665-1-300x200.jpg\" alt=\"1aea8c7a-6c18-4020-ab3a-9386eedda665\" width=\"300\" height=\"200\" srcset=\"https:\/\/picodavigia.com\/wp-content\/uploads\/2015\/12\/1aea8c7a-6c18-4020-ab3a-9386eedda665-1-300x200.jpg 300w, https:\/\/picodavigia.com\/wp-content\/uploads\/2015\/12\/1aea8c7a-6c18-4020-ab3a-9386eedda665-1.jpg 960w\" sizes=\"auto, (max-width: 300px) 100vw, 300px\" \/><\/a><\/td>\n<td style=\"width: 303px; text-align: center;\"><a href=\"http:\/\/picodavigia.com\/wp-content\/uploads\/2015\/12\/79a1651e-b528-451f-ada7-d95856e678fe-1.jpg\"><img loading=\"lazy\" decoding=\"async\" class=\"aligncenter wp-image-357 size-medium\" src=\"http:\/\/picodavigia.com\/wp-content\/uploads\/2015\/12\/79a1651e-b528-451f-ada7-d95856e678fe-1-300x200.jpg\" alt=\"79a1651e-b528-451f-ada7-d95856e678fe\" width=\"300\" height=\"200\" srcset=\"https:\/\/picodavigia.com\/wp-content\/uploads\/2015\/12\/79a1651e-b528-451f-ada7-d95856e678fe-1-300x200.jpg 300w, https:\/\/picodavigia.com\/wp-content\/uploads\/2015\/12\/79a1651e-b528-451f-ada7-d95856e678fe-1.jpg 960w\" sizes=\"auto, (max-width: 300px) 100vw, 300px\" \/><\/a><\/td>\n<td style=\"width: 305px; text-align: center;\"><a href=\"http:\/\/picodavigia.com\/wp-content\/uploads\/2015\/12\/51d01b7f-43ed-46cc-bcb3-1d2bcfd53513.jpg\"><img loading=\"lazy\" decoding=\"async\" class=\"aligncenter wp-image-350 size-medium\" src=\"http:\/\/picodavigia.com\/wp-content\/uploads\/2015\/12\/51d01b7f-43ed-46cc-bcb3-1d2bcfd53513-300x200.jpg\" alt=\"51d01b7f-43ed-46cc-bcb3-1d2bcfd53513\" width=\"300\" height=\"200\" srcset=\"https:\/\/picodavigia.com\/wp-content\/uploads\/2015\/12\/51d01b7f-43ed-46cc-bcb3-1d2bcfd53513-300x200.jpg 300w, https:\/\/picodavigia.com\/wp-content\/uploads\/2015\/12\/51d01b7f-43ed-46cc-bcb3-1d2bcfd53513.jpg 960w\" sizes=\"auto, (max-width: 300px) 100vw, 300px\" \/><\/a><\/td>\n<\/tr>\n<\/tbody>\n<\/table>\n<p style=\"text-align: center;\"><img loading=\"lazy\" decoding=\"async\" class=\"alignnone size-full wp-image-363\" src=\"http:\/\/picodavigia.com\/wp-content\/uploads\/2015\/12\/capturar01.png\" alt=\"capturar01\" width=\"191\" height=\"54\" \/><\/p>\n<p><a href=\"https:\/\/www.luisgodinho.com\/\">Mehr erfahren<\/a><\/p>\n<hr \/>\n<h3><b>Meeresabenteuer mit Scubazores Divers<\/b><\/h3>\n<p>M\u00f6gliche Aktivit\u00e4ten:<\/p>\n<ul>\n<li>Bootstouren<\/li>\n<li>Schnorcheln<\/li>\n<li>Tauchen<\/li>\n<li>Schnuppertauchen<\/li>\n<li>Sea-Scooter-Tauchen<\/li>\n<\/ul>\n<p><a href=\"https:\/\/www.scubazoresdivers.com\/\">Mehr erfahren<\/a><\/p>\n<hr \/>\n<p><\/p>","protected":false},"excerpt":{"rendered":"<p>Erlebnisse mit unseren Partnern Buggy- oder Van-Touren mit Azores Retreat Touren mit dem Van oder Buggy, gef\u00fchrt vom Team rund um Jo\u00e3o Medeiros. Eine Reise abseits der \u00fcblichen Wege auf der Insel Terceira. Mehr erfahren Fotoshooting mit Lu\u00eds Godinho Ein besonderes Andenken an Ihre Reise. Allein, zu zweit oder mit der Familie \u2013 Lu\u00eds kennt [&hellip;]<\/p>\n","protected":false},"author":1,"featured_media":226,"parent":0,"menu_order":0,"comment_status":"closed","ping_status":"closed","template":"","meta":{"footnotes":""},"class_list":["post-12","page","type-page","status-publish","has-post-thumbnail","hentry"],"yoast_head":"<!-- This site is optimized with the Yoast SEO plugin v27.4 - https:\/\/yoast.com\/product\/yoast-seo-wordpress\/ -->\n<title>Aktivit\u00e4ten - Pico da Vigia<\/title>\n<meta name=\"robots\" content=\"index, follow, max-snippet:-1, max-image-preview:large, max-video-preview:-1\" \/>\n<link rel=\"canonical\" href=\"https:\/\/picodavigia.com\/de\/atividades\/\" \/>\n<meta property=\"og:locale\" content=\"de_DE\" \/>\n<meta property=\"og:type\" content=\"article\" \/>\n<meta property=\"og:title\" content=\"Aktivit\u00e4ten - Pico da Vigia\" \/>\n<meta property=\"og:description\" content=\"Erlebnisse mit unseren Partnern Buggy- oder Van-Touren mit Azores Retreat Touren mit dem Van oder Buggy, gef\u00fchrt vom Team rund um Jo\u00e3o Medeiros. Eine Reise abseits der \u00fcblichen Wege auf der Insel Terceira. Mehr erfahren Fotoshooting mit Lu\u00eds Godinho Ein besonderes Andenken an Ihre Reise. Allein, zu zweit oder mit der Familie \u2013 Lu\u00eds kennt [&hellip;]\" \/>\n<meta property=\"og:url\" content=\"https:\/\/picodavigia.com\/de\/atividades\/\" \/>\n<meta property=\"og:site_name\" content=\"Pico da Vigia\" \/>\n<meta property=\"article:modified_time\" content=\"2025-05-15T13:31:27+00:00\" \/>\n<meta property=\"og:image\" content=\"https:\/\/picodavigia.com\/wp-content\/uploads\/2015\/12\/actividades.jpg\" \/>\n\t<meta property=\"og:image:width\" content=\"1920\" \/>\n\t<meta property=\"og:image:height\" content=\"283\" \/>\n\t<meta property=\"og:image:type\" content=\"image\/jpeg\" \/>\n<meta name=\"twitter:card\" content=\"summary_large_image\" \/>\n<meta name=\"twitter:label1\" content=\"Gesch\u00e4tzte Lesezeit\" \/>\n\t<meta name=\"twitter:data1\" content=\"1\u00a0Minute\" \/>\n<script type=\"application\/ld+json\" class=\"yoast-schema-graph\">{\"@context\":\"https:\\\/\\\/schema.org\",\"@graph\":[{\"@type\":\"WebPage\",\"@id\":\"https:\\\/\\\/picodavigia.com\\\/de\\\/atividades\\\/\",\"url\":\"https:\\\/\\\/picodavigia.com\\\/de\\\/atividades\\\/\",\"name\":\"Aktivit\u00e4ten - Pico da Vigia\",\"isPartOf\":{\"@id\":\"https:\\\/\\\/picodavigia.com\\\/de\\\/#website\"},\"primaryImageOfPage\":{\"@id\":\"https:\\\/\\\/picodavigia.com\\\/de\\\/atividades\\\/#primaryimage\"},\"image\":{\"@id\":\"https:\\\/\\\/picodavigia.com\\\/atividades\\\/#primaryimage\"},\"thumbnailUrl\":\"https:\\\/\\\/picodavigia.com\\\/wp-content\\\/uploads\\\/2015\\\/12\\\/actividades.jpg\",\"datePublished\":\"2015-12-06T23:38:24+00:00\",\"dateModified\":\"2025-05-15T13:31:27+00:00\",\"breadcrumb\":{\"@id\":\"https:\\\/\\\/picodavigia.com\\\/de\\\/atividades\\\/#breadcrumb\"},\"inLanguage\":\"de\",\"potentialAction\":[{\"@type\":\"ReadAction\",\"target\":[[\"https:\\\/\\\/picodavigia.com\\\/de\\\/atividades\\\/\"]]}]},{\"@type\":\"ImageObject\",\"inLanguage\":\"de\",\"@id\":\"https:\\\/\\\/picodavigia.com\\\/de\\\/atividades\\\/#primaryimage\",\"url\":\"https:\\\/\\\/picodavigia.com\\\/wp-content\\\/uploads\\\/2015\\\/12\\\/actividades.jpg\",\"contentUrl\":\"https:\\\/\\\/picodavigia.com\\\/wp-content\\\/uploads\\\/2015\\\/12\\\/actividades.jpg\",\"width\":1920,\"height\":283},{\"@type\":\"BreadcrumbList\",\"@id\":\"https:\\\/\\\/picodavigia.com\\\/de\\\/atividades\\\/#breadcrumb\",\"itemListElement\":[{\"@type\":\"ListItem\",\"position\":1,\"name\":\"Home\",\"item\":\"https:\\\/\\\/picodavigia.com\\\/de\\\/\"},{\"@type\":\"ListItem\",\"position\":2,\"name\":\"Atividades\"}]},{\"@type\":\"WebSite\",\"@id\":\"https:\\\/\\\/picodavigia.com\\\/de\\\/#website\",\"url\":\"https:\\\/\\\/picodavigia.com\\\/de\\\/\",\"name\":\"Pico da Vigia\",\"description\":\"\",\"potentialAction\":[{\"@type\":\"SearchAction\",\"target\":{\"@type\":\"EntryPoint\",\"urlTemplate\":\"https:\\\/\\\/picodavigia.com\\\/de\\\/?s={search_term_string}\"},\"query-input\":{\"@type\":\"PropertyValueSpecification\",\"valueRequired\":true,\"valueName\":\"search_term_string\"}}],\"inLanguage\":\"de\"}]}<\/script>\n<!-- \/ Yoast SEO plugin. -->","yoast_head_json":{"title":"Aktivit\u00e4ten - Pico da Vigia","robots":{"index":"index","follow":"follow","max-snippet":"max-snippet:-1","max-image-preview":"max-image-preview:large","max-video-preview":"max-video-preview:-1"},"canonical":"https:\/\/picodavigia.com\/de\/atividades\/","og_locale":"de_DE","og_type":"article","og_title":"Aktivit\u00e4ten - Pico da Vigia","og_description":"Erlebnisse mit unseren Partnern Buggy- oder Van-Touren mit Azores Retreat Touren mit dem Van oder Buggy, gef\u00fchrt vom Team rund um Jo\u00e3o Medeiros. Eine Reise abseits der \u00fcblichen Wege auf der Insel Terceira. Mehr erfahren Fotoshooting mit Lu\u00eds Godinho Ein besonderes Andenken an Ihre Reise. Allein, zu zweit oder mit der Familie \u2013 Lu\u00eds kennt [&hellip;]","og_url":"https:\/\/picodavigia.com\/de\/atividades\/","og_site_name":"Pico da Vigia","article_modified_time":"2025-05-15T13:31:27+00:00","og_image":[{"width":1920,"height":283,"url":"https:\/\/picodavigia.com\/wp-content\/uploads\/2015\/12\/actividades.jpg","type":"image\/jpeg"}],"twitter_card":"summary_large_image","twitter_misc":{"Gesch\u00e4tzte Lesezeit":"1\u00a0Minute"},"schema":{"@context":"https:\/\/schema.org","@graph":[{"@type":"WebPage","@id":"https:\/\/picodavigia.com\/de\/atividades\/","url":"https:\/\/picodavigia.com\/de\/atividades\/","name":"Aktivit\u00e4ten - Pico da Vigia","isPartOf":{"@id":"https:\/\/picodavigia.com\/de\/#website"},"primaryImageOfPage":{"@id":"https:\/\/picodavigia.com\/de\/atividades\/#primaryimage"},"image":{"@id":"https:\/\/picodavigia.com\/atividades\/#primaryimage"},"thumbnailUrl":"https:\/\/picodavigia.com\/wp-content\/uploads\/2015\/12\/actividades.jpg","datePublished":"2015-12-06T23:38:24+00:00","dateModified":"2025-05-15T13:31:27+00:00","breadcrumb":{"@id":"https:\/\/picodavigia.com\/de\/atividades\/#breadcrumb"},"inLanguage":"de","potentialAction":[{"@type":"ReadAction","target":[["https:\/\/picodavigia.com\/de\/atividades\/"]]}]},{"@type":"ImageObject","inLanguage":"de","@id":"https:\/\/picodavigia.com\/de\/atividades\/#primaryimage","url":"https:\/\/picodavigia.com\/wp-content\/uploads\/2015\/12\/actividades.jpg","contentUrl":"https:\/\/picodavigia.com\/wp-content\/uploads\/2015\/12\/actividades.jpg","width":1920,"height":283},{"@type":"BreadcrumbList","@id":"https:\/\/picodavigia.com\/de\/atividades\/#breadcrumb","itemListElement":[{"@type":"ListItem","position":1,"name":"Home","item":"https:\/\/picodavigia.com\/de\/"},{"@type":"ListItem","position":2,"name":"Atividades"}]},{"@type":"WebSite","@id":"https:\/\/picodavigia.com\/de\/#website","url":"https:\/\/picodavigia.com\/de\/","name":"Pico da Vigia","description":"","potentialAction":[{"@type":"SearchAction","target":{"@type":"EntryPoint","urlTemplate":"https:\/\/picodavigia.com\/de\/?s={search_term_string}"},"query-input":{"@type":"PropertyValueSpecification","valueRequired":true,"valueName":"search_term_string"}}],"inLanguage":"de"}]}},"_links":{"self":[{"href":"https:\/\/picodavigia.com\/de\/wp-json\/wp\/v2\/pages\/12","targetHints":{"allow":["GET"]}}],"collection":[{"href":"https:\/\/picodavigia.com\/de\/wp-json\/wp\/v2\/pages"}],"about":[{"href":"https:\/\/picodavigia.com\/de\/wp-json\/wp\/v2\/types\/page"}],"author":[{"embeddable":true,"href":"https:\/\/picodavigia.com\/de\/wp-json\/wp\/v2\/users\/1"}],"replies":[{"embeddable":true,"href":"https:\/\/picodavigia.com\/de\/wp-json\/wp\/v2\/comments?post=12"}],"version-history":[{"count":32,"href":"https:\/\/picodavigia.com\/de\/wp-json\/wp\/v2\/pages\/12\/revisions"}],"predecessor-version":[{"id":972,"href":"https:\/\/picodavigia.com\/de\/wp-json\/wp\/v2\/pages\/12\/revisions\/972"}],"wp:featuredmedia":[{"embeddable":true,"href":"https:\/\/picodavigia.com\/de\/wp-json\/wp\/v2\/media\/226"}],"wp:attachment":[{"href":"https:\/\/picodavigia.com\/de\/wp-json\/wp\/v2\/media?parent=12"}],"curies":[{"name":"wp","href":"https:\/\/api.w.org\/{rel}","templated":true}]}}